{"id":1507,"date":"2018-09-04T00:25:56","date_gmt":"2018-09-04T00:25:56","guid":{"rendered":"http:\/\/www.cee.unam.mx\/?page_id=1507"},"modified":"2025-09-30T23:48:48","modified_gmt":"2025-09-30T23:48:48","slug":"acreditacion-de-programas","status":"publish","type":"page","link":"https:\/\/www.cee.unam.mx\/index.php\/acreditacion-de-programas\/","title":{"rendered":"Acreditaci\u00f3n de programas"},"content":{"rendered":"<div class=\"wpb-content-wrapper\"><p>[vc_row full_width=&#8221;stretch_row&#8221; content_placement=&#8221;middle&#8221; css=&#8221;.vc_custom_1759275045361{margin-top: 0px !important;border-top-width: 0px !important;padding-top: 0px !important;background-color: #D31775 !important;}&#8221;][vc_column][vc_column_text css=&#8221;.vc_custom_1759275036049{padding-top: 3% !important;padding-bottom: 3% !important;}&#8221;]<\/p>\n<h2 class=\"cbz\" style=\"text-align: center;\"><span style=\"color: #FFF;\">ACREDITACI\u00d3N DE PROGRAMAS<\/span><\/h2>\n<p>[\/vc_column_text][\/vc_column][\/vc_row][vc_row][vc_column][vc_empty_space height=&#8221;42px&#8221;][vc_row_inner][vc_column_inner width=&#8221;1\/4&#8243;][vc_single_image image=&#8221;1141&#8243; img_size=&#8221;medium&#8221; onclick=&#8221;custom_link&#8221; img_link_target=&#8221;_blank&#8221; link=&#8221;https:\/\/www.cee.unam.mx\/wp-content\/uploads\/2018\/09\/p_Acreditaci\u00f3n-de-programas.pdf&#8221;][vc_column_text]<\/p>\n<h5 class=\"cbz\" style=\"text-align: center;\"><a href=\"https:\/\/www.cee.unam.mx\/wp-content\/uploads\/2018\/09\/p_Acreditaci\u00f3n-de-programas.pdf\"><span style=\"color: #993366;\">Acreditaci\u00f3n de programas de la Licenciatura en Ciencias Ambientales ENES Morelia<\/span><\/a><\/h5>\n<p>[\/vc_column_text][\/vc_column_inner][vc_column_inner width=&#8221;1\/4&#8243;][vc_single_image image=&#8221;1141&#8243; img_size=&#8221;medium&#8221; onclick=&#8221;custom_link&#8221; link=&#8221;https:\/\/www.cee.unam.mx\/wp-content\/uploads\/2018\/09\/p_Acreditaci\u00f3n-de-programas-1.pdf&#8221;][vc_column_text]<\/p>\n<h5 class=\"cbz\" style=\"text-align: center;\"><a href=\"https:\/\/www.cee.unam.mx\/wp-content\/uploads\/2018\/09\/p_Acreditaci\u00f3n-de-programas-1.pdf\"><span style=\"color: #993366;\">Acreditaci\u00f3n de programas,<br \/>\nEscuela Nacional de Trabajo Social<\/span><\/a><\/h5>\n<p>[\/vc_column_text][\/vc_column_inner][vc_column_inner width=&#8221;1\/4&#8243;][vc_single_image image=&#8221;1141&#8243; img_size=&#8221;medium&#8221; onclick=&#8221;custom_link&#8221; img_link_target=&#8221;_blank&#8221; link=&#8221;https:\/\/www.cee.unam.mx\/wp-content\/uploads\/2018\/09\/Acreditaci\u00f3n-de-programas.pdf&#8221;][vc_column_text]<\/p>\n<h5 class=\"cbz\" style=\"text-align: center;\"><a href=\"https:\/\/www.cee.unam.mx\/wp-content\/uploads\/2018\/09\/Acreditaci\u00f3n-de-programas.pdf\"><span style=\"color: #993366;\">Acreditaci\u00f3n de programas en la Facultad de Contadur\u00eda y Administraci\u00f3n<\/span><\/a><\/h5>\n<p>[\/vc_column_text][\/vc_column_inner][vc_column_inner width=&#8221;1\/4&#8243;][vc_single_image image=&#8221;1141&#8243; img_size=&#8221;medium&#8221; onclick=&#8221;custom_link&#8221; img_link_target=&#8221;_blank&#8221; link=&#8221;https:\/\/www.cee.unam.mx\/wp-content\/uploads\/2019\/11\/p_Ingenier\u00eda-Acreditaci\u00f3n-SUSTITUIR.pdf&#8221;][vc_column_text]<\/p>\n<h5 class=\"cbz\" style=\"text-align: center;\"><a href=\"https:\/\/www.cee.unam.mx\/wp-content\/uploads\/2019\/11\/p_Ingenier\u00eda-Acreditaci\u00f3n-SUSTITUIR.pdf\"><span style=\"color: #993366;\">Acreditaci\u00f3n en la<br \/>\nFacultad de Ingenier\u00eda<\/span><\/a><\/h5>\n<p>[\/vc_column_text][\/vc_column_inner][\/vc_row_inner][vc_row_inner][vc_column_inner width=&#8221;1\/4&#8243;][vc_single_image image=&#8221;1141&#8243; img_size=&#8221;medium&#8221; onclick=&#8221;custom_link&#8221; img_link_target=&#8221;_blank&#8221; link=&#8221;https:\/\/www.cee.unam.mx\/wp-content\/uploads\/2018\/09\/p_Acreditaci\u00f3n-de-programas-3.pdf&#8221;][vc_column_text]<\/p>\n<h5 class=\"cbz\" style=\"text-align: center;\"><a href=\"https:\/\/www.cee.unam.mx\/wp-content\/uploads\/2018\/09\/p_Acreditaci\u00f3n-de-programas-3.pdf\"><span style=\"color: #993366;\">Acreditaci\u00f3n en la<br \/>\nFacultad de M\u00fasica<\/span><\/a><\/h5>\n<p>[\/vc_column_text][\/vc_column_inner][vc_column_inner width=&#8221;1\/4&#8243;][vc_single_image image=&#8221;1141&#8243; img_size=&#8221;medium&#8221; onclick=&#8221;custom_link&#8221; img_link_target=&#8221;_blank&#8221; link=&#8221;https:\/\/www.cee.unam.mx\/wp-content\/uploads\/2018\/09\/p_Acreditaci\u00f3n-de-programas-4.pdf&#8221;][vc_column_text]<\/p>\n<h5 class=\"cbz\" style=\"text-align: center;\"><a href=\"https:\/\/www.cee.unam.mx\/wp-content\/uploads\/2018\/09\/p_Acreditaci\u00f3n-de-programas-4.pdf\"><span style=\"color: #993366;\">Acreditaci\u00f3n de programas en la Facultad de Odontolog\u00eda<\/span><\/a><\/h5>\n<p>[\/vc_column_text][\/vc_column_inner][vc_column_inner width=&#8221;1\/4&#8243;][vc_single_image image=&#8221;1141&#8243; img_size=&#8221;medium&#8221; onclick=&#8221;custom_link&#8221; img_link_target=&#8221;_blank&#8221; link=&#8221;https:\/\/www.cee.unam.mx\/wp-content\/uploads\/2018\/09\/p_Acreditaci\u00f3n-de-programas-5.pdf&#8221;][vc_column_text]<\/p>\n<h5 class=\"cbz\" style=\"text-align: center;\"><a href=\"https:\/\/www.cee.unam.mx\/wp-content\/uploads\/2018\/09\/p_Acreditaci\u00f3n-de-programas-5.pdf\"><span style=\"color: #993366;\">Acreditaci\u00f3n en la<br \/>\nFES Acatl\u00e1n.<\/span><\/a><\/h5>\n<p>[\/vc_column_text][\/vc_column_inner][vc_column_inner width=&#8221;1\/4&#8243;][vc_single_image image=&#8221;1141&#8243; img_size=&#8221;medium&#8221; onclick=&#8221;custom_link&#8221; img_link_target=&#8221;_blank&#8221; link=&#8221;https:\/\/www.cee.unam.mx\/wp-content\/uploads\/2018\/09\/p_Acreditaci\u00f3n-de-programas_izt.pdf&#8221;][vc_column_text]<\/p>\n<h5 class=\"cbz\" style=\"text-align: center;\"><a href=\"https:\/\/www.cee.unam.mx\/wp-content\/uploads\/2018\/09\/p_Acreditaci\u00f3n-de-programas_izt.pdf\"><span style=\"color: #993366;\">Acreditaci\u00f3n de las carreras en la Facultad de Estudios Superiores Iztacala<\/span><\/a><\/h5>\n<p>[\/vc_column_text][\/vc_column_inner][\/vc_row_inner][vc_row_inner][vc_column_inner width=&#8221;1\/4&#8243;][vc_single_image image=&#8221;1141&#8243; img_size=&#8221;medium&#8221; onclick=&#8221;custom_link&#8221; img_link_target=&#8221;_blank&#8221; link=&#8221;https:\/\/www.cee.unam.mx\/wp-content\/uploads\/2019\/11\/Acreditaci\u00f3n_Ciencias.pdf&#8221;][vc_column_text]<\/p>\n<h5 class=\"cbz\" style=\"text-align: center;\"><a href=\"https:\/\/www.cee.unam.mx\/wp-content\/uploads\/2019\/11\/Acreditaci\u00f3n_Ciencias.pdf\"><span style=\"color: #993366;\">Acreditaci\u00f3n de las licenciaturas de la Facultad de Ciencias<\/span><\/a><\/h5>\n<p>[\/vc_column_text][\/vc_column_inner][vc_column_inner width=&#8221;1\/4&#8243;][vc_single_image image=&#8221;1141&#8243; img_size=&#8221;medium&#8221; onclick=&#8221;custom_link&#8221; img_link_target=&#8221;_blank&#8221; link=&#8221;https:\/\/www.cee.unam.mx\/wp-content\/uploads\/2019\/11\/p_FFyL-Acreditaci\u00f3n-de-programas.pdf&#8221;][vc_column_text]<\/p>\n<h5 class=\"cbz\" style=\"text-align: center;\"><a href=\"https:\/\/www.cee.unam.mx\/wp-content\/uploads\/2019\/11\/p_FFyL-Acreditaci\u00f3n-de-programas.pdf\"><span style=\"color: #993366;\">Facultad de Filosof\u00eda y Letras Acreditaci\u00f3n de carreras<\/span><\/a><\/h5>\n<p>[\/vc_column_text][\/vc_column_inner][vc_column_inner width=&#8221;1\/4&#8243;][vc_single_image image=&#8221;1141&#8243; img_size=&#8221;medium&#8221; onclick=&#8221;custom_link&#8221; img_link_target=&#8221;_blank&#8221; link=&#8221;https:\/\/www.cee.unam.mx\/wp-content\/uploads\/2019\/11\/p_Morelia-Acreditaci\u00f3n-de-programas.pdf&#8221;][vc_column_text]<\/p>\n<h5 class=\"cbz\" style=\"text-align: center;\"><a href=\"https:\/\/www.cee.unam.mx\/wp-content\/uploads\/2019\/11\/p_Morelia-Acreditaci\u00f3n-de-programas.pdf\"><span style=\"color: #993366;\">Escuela Nacional de Estudios Superiores Morelia Acreditaci\u00f3n de carreras<\/span><\/a><\/h5>\n<p>[\/vc_column_text][\/vc_column_inner][vc_column_inner width=&#8221;1\/4&#8243;][vc_single_image image=&#8221;1141&#8243; img_size=&#8221;medium&#8221; onclick=&#8221;custom_link&#8221; img_link_target=&#8221;_blank&#8221; link=&#8221;https:\/\/www.cee.unam.mx\/wp-content\/uploads\/2022\/12\/ENES_L_Acreditacion_de_programas.pdf&#8221;][vc_column_text]<\/p>\n<h5 class=\"cbz\" style=\"text-align: center;\"><a href=\"https:\/\/www.cee.unam.mx\/wp-content\/uploads\/2022\/12\/ENES_L_Acreditacion_de_programas.pdf\"><span style=\"color: #993366;\">Acreditaci\u00f3n de las carreras Econom\u00eda Industrial, Desarrollo y Gesti\u00f3n Interculturales, Ciencias Agrogen\u00f3micas y Administraci\u00f3n Agropecuaria.<\/span><\/a><\/h5>\n<p>[\/vc_column_text][\/vc_column_inner][\/vc_row_inner][vc_row_inner][vc_column_inner width=&#8221;1\/2&#8243;][\/vc_column_inner][vc_column_inner width=&#8221;1\/2&#8243;][vc_btn title=&#8221;Volver a las practicas&#8221; style=&#8221;custom&#8221; custom_background=&#8221;#D31775&#8243; custom_text=&#8221;#ffffff&#8221; shape=&#8221;square&#8221; align=&#8221;center&#8221; css=&#8221;&#8221; button_block=&#8221;true&#8221; link=&#8221;url:http%3A%2F%2Fwww.cee.unam.mx%2Findex.php%2Flicenciatura%2F%23practicas|||&#8221;][\/vc_column_inner][\/vc_row_inner][\/vc_column][\/vc_row][vc_row][vc_column][vc_empty_space][vc_row_inner][vc_column_inner width=&#8221;1\/3&#8243;][vc_column_text css=&#8221;.vc_custom_1759194177645{margin-bottom: 0px !important;padding-top: 49% !important;}&#8221;]<\/p>\n<h2 class=\"cbz\" style=\"text-align: center;\"><span style=\"color: #3BAEAC;\">OTRAS COMISIONES PERMANENTES<\/span><\/h2>\n<p>[\/vc_column_text][\/vc_column_inner][vc_column_inner width=&#8221;1\/3&#8243;][vc_single_image image=&#8221;2727&#8243; img_size=&#8221;full&#8221; alignment=&#8221;center&#8221; onclick=&#8221;custom_link&#8221; css=&#8221;.vc_custom_1759275392512{margin-bottom: 0px !important;padding-bottom: 0px !important;}&#8221; link=&#8221;https:\/\/www.cee.unam.mx\/index.php\/bachillerato\/&#8221;][vc_column_text css=&#8221;.vc_custom_1759275369661{margin-top: 0px !important;padding-top: 20px !important;padding-right: 20px !important;padding-bottom: 20px !important;padding-left: 20px !important;background-color: #69A09F00 !important;}&#8221;]<\/p>\n<h2 style=\"text-align: center;\"><a href=\"https:\/\/www.cee.unam.mx\/index.php\/bachillerato\/\"><span style=\"color: #3baeac;\">Comisi\u00f3n permanente de bachillerato<\/span><\/a><\/h2>\n<p>[\/vc_column_text][\/vc_column_inner][vc_column_inner width=&#8221;1\/3&#8243;][vc_single_image image=&#8221;2725&#8243; img_size=&#8221;full&#8221; alignment=&#8221;center&#8221; onclick=&#8221;custom_link&#8221; css=&#8221;.vc_custom_1759194106980{margin-bottom: 0px !important;padding-bottom: 0px !important;}&#8221; link=&#8221;https:\/\/www.cee.unam.mx\/index.php\/posgrado\/&#8221;][vc_column_text css=&#8221;.vc_custom_1759274429762{margin-top: 0px !important;padding-top: 20px !important;padding-right: 20px !important;padding-bottom: 20px !important;padding-left: 20px !important;background-color: #4094D300 !important;}&#8221;]<\/p>\n<h2 style=\"text-align: center;\"><a href=\"https:\/\/www.cee.unam.mx\/index.php\/posgrado\/\"><span style=\"color: #2b8bd8;\">Comisi\u00f3n permanente de posgrado<\/span><\/a><\/h2>\n<p>[\/vc_column_text][\/vc_column_inner][\/vc_row_inner][\/vc_column][\/vc_row]<\/p>\n<\/div>","protected":false},"excerpt":{"rendered":"<p>[vc_row full_width=&#8221;stretch_row&#8221; content_placement=&#8221;middle&#8221; css=&#8221;.vc_custom_1759275045361{margin-top: 0px !important;border-top-width: 0px !important;padding-top: 0px !important;background-color: #D31775 !important;}&#8221;][vc_column][vc_column_text css=&#8221;.vc_custom_1759275036049{padding-top: 3% !important;padding-bottom: 3% !important;}&#8221;] ACREDITACI\u00d3N DE PROGRAMAS [\/vc_column_text][\/vc_column][\/vc_row][vc_row][vc_column][vc_empty_space height=&#8221;42px&#8221;][vc_row_inner][vc_column_inner width=&#8221;1\/4&#8243;][vc_single_image image=&#8221;1141&#8243; img_size=&#8221;medium&#8221; onclick=&#8221;custom_link&#8221; img_link_target=&#8221;_blank&#8221; link=&#8221;https:\/\/www.cee.unam.mx\/wp-content\/uploads\/2018\/09\/p_Acreditaci\u00f3n-de-programas.pdf&#8221;][vc_column_text] Acreditaci\u00f3n de programas de la Licenciatura en Ciencias Ambientales ENES Morelia [\/vc_column_text][\/vc_column_inner][vc_column_inner width=&#8221;1\/4&#8243;][vc_single_image image=&#8221;1141&#8243; img_size=&#8221;medium&#8221; onclick=&#8221;custom_link&#8221; link=&#8221;https:\/\/www.cee.unam.mx\/wp-content\/uploads\/2018\/09\/p_Acreditaci\u00f3n-de-programas-1.pdf&#8221;][vc_column_text] Acreditaci\u00f3n de programas, Escuela Nacional de Trabajo Social [\/vc_column_text][\/vc_column_inner][vc_column_inner width=&#8221;1\/4&#8243;][vc_single_image &hellip; <a href=\"https:\/\/www.cee.unam.mx\/index.php\/acreditacion-de-programas\/\" class=\"more-link\">Continuar leyendo<span class=\"screen-reader-text\"> &#8220;Acreditaci\u00f3n de programas&#8221;<\/span><\/a><\/p>\n","protected":false},"author":1,"featured_media":0,"parent":0,"menu_order":0,"comment_status":"closed","ping_status":"closed","template":"","meta":{"footnotes":""},"class_list":["post-1507","page","type-page","status-publish","hentry"],"_links":{"self":[{"href":"https:\/\/www.cee.unam.mx\/index.php\/wp-json\/wp\/v2\/pages\/1507","targetHints":{"allow":["GET"]}}],"collection":[{"href":"https:\/\/www.cee.unam.mx\/index.php\/wp-json\/wp\/v2\/pages"}],"about":[{"href":"https:\/\/www.cee.unam.mx\/index.php\/wp-json\/wp\/v2\/types\/page"}],"author":[{"embeddable":true,"href":"https:\/\/www.cee.unam.mx\/index.php\/wp-json\/wp\/v2\/users\/1"}],"replies":[{"embeddable":true,"href":"https:\/\/www.cee.unam.mx\/index.php\/wp-json\/wp\/v2\/comments?post=1507"}],"version-history":[{"count":23,"href":"https:\/\/www.cee.unam.mx\/index.php\/wp-json\/wp\/v2\/pages\/1507\/revisions"}],"predecessor-version":[{"id":2901,"href":"https:\/\/www.cee.unam.mx\/index.php\/wp-json\/wp\/v2\/pages\/1507\/revisions\/2901"}],"wp:attachment":[{"href":"https:\/\/www.cee.unam.mx\/index.php\/wp-json\/wp\/v2\/media?parent=1507"}],"curies":[{"name":"wp","href":"https:\/\/api.w.org\/{rel}","templated":true}]}}