{"id":2759,"date":"2025-09-27T18:37:42","date_gmt":"2025-09-27T18:37:42","guid":{"rendered":"https:\/\/www.cee.unam.mx\/?page_id=2759"},"modified":"2025-10-12T20:14:18","modified_gmt":"2025-10-12T20:14:18","slug":"acuerdo-creaccion","status":"publish","type":"page","link":"https:\/\/www.cee.unam.mx\/index.php\/acuerdo-creaccion\/","title":{"rendered":"acuerdo creaccion"},"content":{"rendered":"<div class=\"wpb-content-wrapper\">\t\t<div data-elementor-type=\"wp-page\" data-elementor-id=\"2759\" class=\"elementor elementor-2759\">\n\t\t\t\t\t\t<section class=\"elementor-section elementor-top-section elementor-element elementor-element-025d95f elementor-section-stretched elementor-section-boxed elementor-section-height-default elementor-section-height-default\" data-id=\"025d95f\" data-element_type=\"section\" data-e-type=\"section\" data-settings=\"{&quot;stretch_section&quot;:&quot;section-stretched&quot;,&quot;background_background&quot;:&quot;classic&quot;}\">\n\t\t\t\t\t\t\t<div class=\"elementor-background-overlay\"><\/div>\n\t\t\t\t\t\t\t<div class=\"elementor-container elementor-column-gap-default\">\n\t\t\t\t\t<div class=\"elementor-column elementor-col-100 elementor-top-column elementor-element elementor-element-a0595fb\" data-id=\"a0595fb\" data-element_type=\"column\" data-e-type=\"column\">\n\t\t\t<div class=\"elementor-widget-wrap elementor-element-populated\">\n\t\t\t\t\t\t<div class=\"elementor-element elementor-element-a51afd1 elementor-widget elementor-widget-heading\" data-id=\"a51afd1\" data-element_type=\"widget\" data-e-type=\"widget\" data-widget_type=\"heading.default\">\n\t\t\t\t<div class=\"elementor-widget-container\">\n\t\t\t\t\t<h2 class=\"elementor-heading-title elementor-size-default\">ACUERDO POR EL QUE SE CREA<br>\nEL CONSEJO DE EVALUACI\u00d3N EDUCATIVA<br> DE\nLA UNIVERSIDAD NACIONAL AUT\u00d3NOMA DE M\u00c9XICO<\/h2>\t\t\t\t<\/div>\n\t\t\t\t<\/div>\n\t\t\t\t<div class=\"elementor-element elementor-element-50a7513 elementor-widget elementor-widget-text-editor\" data-id=\"50a7513\" data-element_type=\"widget\" data-e-type=\"widget\" data-widget_type=\"text-editor.default\">\n\t\t\t\t<div class=\"elementor-widget-container\">\n\t\t\t\t\t\t\t\t\tDr. Jos\u00e9 Narro Robles, Rector de la Universidad Nacional Aut\u00f3noma de M\u00e9xico, con fundamento en los art\u00edculos 1\u00b0 y 9\u00b0 de la Ley Org\u00e1nica, 34, fracciones IX y X del Estatuto General, \t\t\t\t\t\t\t\t<\/div>\n\t\t\t\t<\/div>\n\t\t\t\t\t<\/div>\n\t\t<\/div>\n\t\t\t\t\t<\/div>\n\t\t<\/section>\n\t\t\t\t<section class=\"elementor-section elementor-top-section elementor-element elementor-element-c0310cb elementor-section-stretched elementor-section-boxed elementor-section-height-default elementor-section-height-default\" data-id=\"c0310cb\" data-element_type=\"section\" data-e-type=\"section\" data-settings=\"{&quot;stretch_section&quot;:&quot;section-stretched&quot;,&quot;background_background&quot;:&quot;classic&quot;}\">\n\t\t\t\t\t\t\t<div class=\"elementor-background-overlay\"><\/div>\n\t\t\t\t\t\t\t<div class=\"elementor-container elementor-column-gap-default\">\n\t\t\t\t\t<div class=\"elementor-column elementor-col-100 elementor-top-column elementor-element elementor-element-821059f\" data-id=\"821059f\" data-element_type=\"column\" data-e-type=\"column\">\n\t\t\t<div class=\"elementor-widget-wrap elementor-element-populated\">\n\t\t\t\t\t\t<section class=\"elementor-section elementor-inner-section elementor-element elementor-element-65b2b4e elementor-section-boxed elementor-section-height-default elementor-section-height-default\" data-id=\"65b2b4e\" data-element_type=\"section\" data-e-type=\"section\">\n\t\t\t\t\t\t<div class=\"elementor-container elementor-column-gap-default\">\n\t\t\t\t\t<div class=\"elementor-column elementor-col-50 elementor-inner-column elementor-element elementor-element-e506368\" data-id=\"e506368\" data-element_type=\"column\" data-e-type=\"column\">\n\t\t\t<div class=\"elementor-widget-wrap elementor-element-populated\">\n\t\t\t\t\t\t<div class=\"elementor-element elementor-element-7a5770f elementor-widget elementor-widget-heading\" data-id=\"7a5770f\" data-element_type=\"widget\" data-e-type=\"widget\" data-widget_type=\"heading.default\">\n\t\t\t\t<div class=\"elementor-widget-container\">\n\t\t\t\t\t<h2 class=\"elementor-heading-title elementor-size-default\">Considerando que <\/h2>\t\t\t\t<\/div>\n\t\t\t\t<\/div>\n\t\t\t\t<div class=\"elementor-element elementor-element-bb79ff6 elementor-widget elementor-widget-text-editor\" data-id=\"bb79ff6\" data-element_type=\"widget\" data-e-type=\"widget\" data-widget_type=\"text-editor.default\">\n\t\t\t\t<div class=\"elementor-widget-container\">\n\t\t\t\t\t\t\t\t\tla Universidad tiene la responsabilidad y el compromiso de impartir educaci\u00f3n de calidad en sus ciclos de bachillerato, licenciatura y posgrado, para ello requiere contar con m\u00e9todos, programas, estrategias, criterios, indicadores e instrumentos de evaluaci\u00f3n educativa para conocer y analizar con objetividad la calidad de los insumos, procesos y resultados de la labor educativa de la Instituci\u00f3n, con el fin de establecer pol\u00edticas educativas.\t\t\t\t\t\t\t\t<\/div>\n\t\t\t\t<\/div>\n\t\t\t\t\t<\/div>\n\t\t<\/div>\n\t\t\t\t<div class=\"elementor-column elementor-col-50 elementor-inner-column elementor-element elementor-element-a664702\" data-id=\"a664702\" data-element_type=\"column\" data-e-type=\"column\">\n\t\t\t<div class=\"elementor-widget-wrap elementor-element-populated\">\n\t\t\t\t\t\t<div class=\"elementor-element elementor-element-8808c6c elementor-widget elementor-widget-text-editor\" data-id=\"8808c6c\" data-element_type=\"widget\" data-e-type=\"widget\" data-widget_type=\"text-editor.default\">\n\t\t\t\t<div class=\"elementor-widget-container\">\n\t\t\t\t\t\t\t\t\tQue esta Casa de Estudios necesita fortalecer el an\u00e1lisis y uso de los resultados de las diversas pr\u00e1cticas de evaluaci\u00f3n a trav\u00e9s de acciones de mejoramiento de los procesos educativos, ampliando la capacidad en evaluaci\u00f3n de la Instituci\u00f3n en general y, en particular, de cada una de sus entidades, planteles y unidades acad\u00e9micas\t\t\t\t\t\t\t\t<\/div>\n\t\t\t\t<\/div>\n\t\t\t\t<div class=\"elementor-element elementor-element-72b26ba elementor-widget-divider--view-line elementor-widget elementor-widget-divider\" data-id=\"72b26ba\" data-element_type=\"widget\" data-e-type=\"widget\" data-widget_type=\"divider.default\">\n\t\t\t\t<div class=\"elementor-widget-container\">\n\t\t\t\t\t\t\t<div class=\"elementor-divider\">\n\t\t\t<span class=\"elementor-divider-separator\">\n\t\t\t\t\t\t<\/span>\n\t\t<\/div>\n\t\t\t\t\t\t<\/div>\n\t\t\t\t<\/div>\n\t\t\t\t\t<\/div>\n\t\t<\/div>\n\t\t\t\t\t<\/div>\n\t\t<\/section>\n\t\t\t\t\t<\/div>\n\t\t<\/div>\n\t\t\t\t\t<\/div>\n\t\t<\/section>\n\t\t\t\t<section class=\"elementor-section elementor-top-section elementor-element elementor-element-cb0534c elementor-section-stretched elementor-section-boxed elementor-section-height-default elementor-section-height-default\" data-id=\"cb0534c\" data-element_type=\"section\" data-e-type=\"section\" data-settings=\"{&quot;stretch_section&quot;:&quot;section-stretched&quot;}\">\n\t\t\t\t\t\t<div class=\"elementor-container elementor-column-gap-default\">\n\t\t\t\t\t<div class=\"elementor-column elementor-col-100 elementor-top-column elementor-element elementor-element-57cd68e\" data-id=\"57cd68e\" data-element_type=\"column\" data-e-type=\"column\">\n\t\t\t<div class=\"elementor-widget-wrap elementor-element-populated\">\n\t\t\t\t\t\t<div class=\"elementor-element elementor-element-0d664a4 elementor-widget elementor-widget-html\" data-id=\"0d664a4\" data-element_type=\"widget\" data-e-type=\"widget\" data-widget_type=\"html.default\">\n\t\t\t\t<div class=\"elementor-widget-container\">\n\t\t\t\t\t<p>[vc_row][vc_column][\/vc_column][\/vc_row][vc_row][vc_column][vc_tta_tour style=\"flat\" color=\"sky\" tab_position=\"right\" active_section=\"1\"][vc_tta_section title=\"PRIMERO\" tab_id=\"primero\"][vc_empty_space height=\"42px\"][vc_column_text css=\"\"]<\/p>\n<h3 class=\"cbz\" style=\"text-align: center;\"><span style=\"color: #ffffff;\">PRIMERO<\/span><\/h3>\n<p>[\/vc_column_text][vc_column_text css=\".vc_custom_1519756498990{padding-top: 15px !important;padding-right: 15px !important;padding-bottom: 15px !important;padding-left: 15px !important;}\"]Se crea el Consejo de Evaluaci\u00f3n Educativa,el cualtendr\u00e1 los siguientes objetivos:<\/p>\n<p style=\"padding-left: 30px;\">I. Impulsar buenas pr\u00e1cticas de evaluaci\u00f3n educativa en la UNAM;<br \/>II. Establecer un observatorio de buenas pr\u00e1cticas en eva\u00ad luaci\u00f3n educativa;<br \/>III. Incrementar el uso de los resultados derivados de la evaluaci\u00f3n para mejorar accioes educativas, y<br \/>IV. Fortalecer la capacidad de evaluaci\u00f3n educativa en el bachi\u00ad llerato, la licenciatura y el posgrado.[\/vc_column_text][\/vc_tta_section][vc_tta_section title=\"SEGUNDO\" tab_id=\"segundo\"][vc_empty_space height=\"42px\"][vc_column_text css=\"\"]<\/p>\n<h3 class=\"cbz\" style=\"text-align: center;\"><span style=\"color: #ffffff;\">SEGUNDO<\/span><\/h3>\n<p>[\/vc_column_text][vc_column_text css=\".vc_custom_1519756692331{padding-top: 15px !important;padding-right: 15px !important;padding-bottom: 15px !important;padding-left: 15px !important;}\"]Son funciones del Consejo de Evaluaci\u00f3n Educativa:<\/p>\n<p style=\"padding-left: 30px;\">I. Proponer pol\u00edticas institucionales de evaluaci\u00f3n educativa;<br \/>II. Sugerir m\u00e9todos, estrategias y procedimientos de evalua\u00ad<br \/>ci\u00f3n educativa en los siguientes \u00e1mbitos: aprendizaje , docencia presencial, abierta y en l\u00ednea, tutor\u00eda, formaci\u00f3n docente, planes y programas de estudio, materiales educativos y en intervenciones e innovaciones educativas;<br \/>III. Establecer est\u00e1ndares para evaluar procesos y resultados<br \/>de acciones educativas; .<br \/>IV. Opinar sobre requerimientos externos de evaluaci\u00f3neducativa provenientes de organismos nacionales.e internacionales;<br \/>V. Opinar sobre instrumentos desarrollados en la Instituci\u00f3n para recabar informaci\u00f3n de los alumnos;<br \/>VI. Recomendar la realizaci\u00f3n de estudios de evaluaci\u00f3n educativa;<br \/>VII. Opinar sobre m\u00e9todos para analizar la informaci\u00f3n que se emplea en los procesos de evaluaci\u00f3n educativa;<br \/>VIII. Proponer estrategias y mecanismos para impulsar la formaci\u00f3n en ev\u00e1luaci\u00f3n educativa de personal acad\u00e9mico. y acad\u00e9mico-admin istrativo de las entidades;<br \/>IX. Establecer v\u00ednculos con organizaciones y centros de evalua\u00ad ci\u00f3n nacionales y del extranjero, y<br \/>X. Crear grupos de trabajo para desarrollar estudios de noma de M\u00e9xico, con fundamento en los art\u00edculos 1\u00ba y 9\u00ba de la Ley evaluaci\u00f3n.[\/vc_column_text][\/vc_tta_section][vc_tta_section title=\"TERCERO\" tab_id=\"tercero\"][vc_empty_space height=\"42px\"][vc_column_text css=\"\"]<\/p>\n<h3 class=\"cbz\" style=\"text-align: center;\"><span style=\"color: #ffffff;\">TERCERO<\/span><\/h3>\n<p>[\/vc_column_text][vc_column_text css=\".vc_custom_1519757114396{padding-top: 15px !important;padding-right: 15px !important;padding-bottom: 15px !important;padding-left: 15px !important;}\"]El Consejo estar\u00e1 integrado por:<\/p>\n<p style=\"padding-left: 30px;\">l. El Rector, quien fungir\u00e1 como su Presidente;<br \/>11. El Secretario de Desarrollo Institucional, quien suplir\u00e1 al Pre\u00ad sidente en caso de ausencia;<br \/>111. El Director General de Evaluaci\u00f3n Educativa, quien fungir\u00e1 como Secretario T\u00e9cnico del Consejo;<br \/>IV. El Coordinador de lnnov?ci\u00f3n y Desarrollo, y<br \/>V. Un consejero nombrado y removido libremente por el Rector, de cada una de las siguientes instancias universitarias:<\/p>\n<p style=\"padding-left: 60px;\">a) a) Del Bachillerato:<\/p>\n<p style=\"padding-left: 70px;\">Un representante del Consejo Acad\u00e9mico del Bachillerato.<br \/>Un representante de cada uno de los subsistemas del Bachillerato.<br \/>Un representante del Bachillerato a distancia.<br \/>Un representante de cada plantel de Bachillerato.<\/p>\n<p style=\"padding-left: 60px;\">b) De Licenciatura:<\/p>\n<p style=\"padding-left: 70px;\">Un representante de cada uno de los Consejos Acad\u00e9micos, de Area.<br \/>Un representante del Sistema Universidad Abierta y Educaci\u00f3n a Distancia.<br \/>Un representante de cada facultad y escuela.<\/p>\n<p style=\"padding-left: 60px;\">c) Del Posgrado:<\/p>\n<p style=\"padding-left: 70px;\">Un representante de la Coordinaci\u00f3n de Estudios de Posgrado, y<br \/>Un representante de cada programa de posgrado.<\/p>\n<p style=\"padding-left: 30px;\">VI. Invitados expertos externos a la UNAM que asistir\u00e1n seg\u00fan el tema y la necesidad, quienes contar\u00e1n con voz, pero sin voto.<\/p>\n<p><em>El Consejo de Evaluaci\u00f3n Educativa sesionar\u00e1 en comisiones integradas por los consejeros de cada uno de los niveles educativos referidos en la fracci\u00f3n VI y podr\u00e1 invitar a sus sesiones a especialistas en la materia para que asistan con voz, pero sin voto.<\/em><br \/>El Consejo de Evaluaci\u00f3n Educativa sesionar\u00e1 en comisiones inte\u00ad gradas por los consejeros de cada uno de los niveles educativos referidos en la fracci\u00f3n V.[\/vc_column_text][\/vc_tta_section][vc_tta_section title=\"CUARTO\" tab_id=\"cuarto\"][vc_empty_space height=\"42px\"][vc_column_text css=\"\"]<\/p>\n<h3 class=\"cbz\" style=\"text-align: center;\"><span style=\"color: #ffffff;\">CUARTO<\/span><\/h3>\n<p>[\/vc_column_text][vc_column_text css=\".vc_custom_1519409469608{padding-top: 15px !important;padding-right: 15px !important;padding-bottom: 15px !important;padding-left: 15px !important;}\"]La Abogada General formar\u00e1 parte del Consejo como asesora jur\u00eddica del mismo, y tendr\u00e1 derecho a voz.[\/vc_column_text][\/vc_tta_section][vc_tta_section title=\"TRANSITORIOS\" tab_id=\"transitorios\"][vc_empty_space height=\"42px\"][vc_column_text css=\"\"]<\/p>\n<h3 class=\"cbz\" style=\"text-align: center;\"><span style=\"color: #ffffff;\">TRANSITORIOS<\/span><\/h3>\n<p>[\/vc_column_text][vc_column_text css=\".vc_custom_1759191496772{padding-top: 15px !important;padding-right: 15px !important;padding-bottom: 15px !important;padding-left: 15px !important;}\"]<span style=\"color: #ffffff;\"><strong>Primero.-<\/strong><\/span> El presente Acuerdo entrar\u00e1 en vigor el d\u00eda de su publicaci\u00f3n en Gaceta UNAM.<\/p>\n<p><span style=\"color: #ffffff;\"><strong>Segundo.-<\/strong><\/span> El Consejo de Evaluaci\u00f3n Educativa se reintegrar\u00e1 en un plazo m\u00e1ximo de treinta d\u00edas naturales posteriores a la publicaci\u00f3n del presente Acuerdo.<\/p>\n<p><span style=\"color: #ffffff;\"><strong>Tercero.-<\/strong><\/span> En un plazo de sesenta d\u00edas naturales posteriores a la publicaci\u00f3n de este Acuerdo, el Secretario T\u00e9cnico del Consejo emitir\u00e1 los Lineamientos de Operaci\u00f3n del Consejo de Evaluaci\u00f3n Educativa.[\/vc_column_text][\/vc_tta_section][\/vc_tta_tour][\/vc_column][\/vc_row][vc_row][vc_column][\/vc_column][\/vc_row]<\/p>\t\t\t\t<\/div>\n\t\t\t\t<\/div>\n\t\t\t\t\t<\/div>\n\t\t<\/div>\n\t\t\t\t\t<\/div>\n\t\t<\/section>\n\t\t\t\t<section class=\"elementor-section elementor-top-section elementor-element elementor-element-235250c elementor-section-stretched elementor-section-boxed elementor-section-height-default elementor-section-height-default\" data-id=\"235250c\" data-element_type=\"section\" data-e-type=\"section\" data-settings=\"{&quot;stretch_section&quot;:&quot;section-stretched&quot;,&quot;background_background&quot;:&quot;classic&quot;}\">\n\t\t\t\t\t\t\t<div class=\"elementor-background-overlay\"><\/div>\n\t\t\t\t\t\t\t<div class=\"elementor-container elementor-column-gap-default\">\n\t\t\t\t\t<div class=\"elementor-column elementor-col-100 elementor-top-column elementor-element elementor-element-5a4f819\" data-id=\"5a4f819\" data-element_type=\"column\" data-e-type=\"column\">\n\t\t\t<div class=\"elementor-widget-wrap elementor-element-populated\">\n\t\t\t\t\t\t<div class=\"elementor-element elementor-element-9f3c2e1 elementor-widget elementor-widget-text-editor\" data-id=\"9f3c2e1\" data-element_type=\"widget\" data-e-type=\"widget\" data-widget_type=\"text-editor.default\">\n\t\t\t\t<div class=\"elementor-widget-container\">\n\t\t\t\t\t\t\t\t\tEn raz\u00f3n de lo anterior, he tenido a bien expedir el siguiente acuerdo:\t\t\t\t\t\t\t\t<\/div>\n\t\t\t\t<\/div>\n\t\t\t\t<section class=\"elementor-section elementor-inner-section elementor-element elementor-element-1e5a694 elementor-section-boxed elementor-section-height-default elementor-section-height-default\" data-id=\"1e5a694\" data-element_type=\"section\" data-e-type=\"section\">\n\t\t\t\t\t\t<div class=\"elementor-container elementor-column-gap-default\">\n\t\t\t\t\t<div class=\"elementor-column elementor-col-25 elementor-inner-column elementor-element elementor-element-4ff7fab\" data-id=\"4ff7fab\" data-element_type=\"column\" data-e-type=\"column\">\n\t\t\t<div class=\"elementor-widget-wrap\">\n\t\t\t\t\t\t\t<\/div>\n\t\t<\/div>\n\t\t\t\t<div class=\"elementor-column elementor-col-25 elementor-inner-column elementor-element elementor-element-8ac7976\" data-id=\"8ac7976\" data-element_type=\"column\" data-e-type=\"column\">\n\t\t\t<div class=\"elementor-widget-wrap elementor-element-populated\">\n\t\t\t\t\t\t<div class=\"elementor-element elementor-element-c34d3c8 elementor-widget__width-initial elementor-view-default elementor-widget elementor-widget-icon\" data-id=\"c34d3c8\" data-element_type=\"widget\" data-e-type=\"widget\" data-widget_type=\"icon.default\">\n\t\t\t\t<div class=\"elementor-widget-container\">\n\t\t\t\t\t\t\t<div class=\"elementor-icon-wrapper\">\n\t\t\t<a class=\"elementor-icon\" href=\"https:\/\/www.cee.unam.mx\/wp-content\/uploads\/2018\/02\/Acuerdo-Consejo-ev-ed.pdf\">\n\t\t\t<i aria-hidden=\"true\" class=\"far fa-arrow-alt-circle-down\"><\/i>\t\t\t<\/a>\n\t\t<\/div>\n\t\t\t\t\t\t<\/div>\n\t\t\t\t<\/div>\n\t\t\t\t\t<\/div>\n\t\t<\/div>\n\t\t\t\t<div class=\"elementor-column elementor-col-25 elementor-inner-column elementor-element elementor-element-6ae55a4\" data-id=\"6ae55a4\" data-element_type=\"column\" data-e-type=\"column\">\n\t\t\t<div class=\"elementor-widget-wrap elementor-element-populated\">\n\t\t\t\t\t\t<div class=\"elementor-element elementor-element-f75a5e8 elementor-widget elementor-widget-heading\" data-id=\"f75a5e8\" data-element_type=\"widget\" data-e-type=\"widget\" data-widget_type=\"heading.default\">\n\t\t\t\t<div class=\"elementor-widget-container\">\n\t\t\t\t\t<h2 class=\"elementor-heading-title elementor-size-default\"><a href=\"https:\/\/www.cee.unam.mx\/wp-content\/uploads\/2018\/02\/Acuerdo-Consejo-ev-ed.pdf\">descargar acuerdo<\/a><\/h2>\t\t\t\t<\/div>\n\t\t\t\t<\/div>\n\t\t\t\t\t<\/div>\n\t\t<\/div>\n\t\t\t\t<div class=\"elementor-column elementor-col-25 elementor-inner-column elementor-element elementor-element-605ceee\" data-id=\"605ceee\" data-element_type=\"column\" data-e-type=\"column\">\n\t\t\t<div class=\"elementor-widget-wrap\">\n\t\t\t\t\t\t\t<\/div>\n\t\t<\/div>\n\t\t\t\t\t<\/div>\n\t\t<\/section>\n\t\t\t\t\t<\/div>\n\t\t<\/div>\n\t\t\t\t\t<\/div>\n\t\t<\/section>\n\t\t\t\t<section class=\"elementor-section elementor-top-section elementor-element elementor-element-01d6010 elementor-section-stretched elementor-section-boxed elementor-section-height-default elementor-section-height-default\" data-id=\"01d6010\" data-element_type=\"section\" data-e-type=\"section\" data-settings=\"{&quot;stretch_section&quot;:&quot;section-stretched&quot;,&quot;background_background&quot;:&quot;classic&quot;}\">\n\t\t\t\t\t\t\t<div class=\"elementor-background-overlay\"><\/div>\n\t\t\t\t\t\t\t<div class=\"elementor-container elementor-column-gap-default\">\n\t\t\t\t\t<div class=\"elementor-column elementor-col-100 elementor-top-column elementor-element elementor-element-eb62ca9\" data-id=\"eb62ca9\" data-element_type=\"column\" data-e-type=\"column\">\n\t\t\t<div class=\"elementor-widget-wrap elementor-element-populated\">\n\t\t\t\t\t\t<div class=\"elementor-element elementor-element-6ac6c0f elementor-widget elementor-widget-text-editor\" data-id=\"6ac6c0f\" data-element_type=\"widget\" data-e-type=\"widget\" data-widget_type=\"text-editor.default\">\n\t\t\t\t<div class=\"elementor-widget-container\">\n\t\t\t\t\t\t\t\t\t\u201cPor mi raza hablar\u00e1 el esp\u00edritu\u201d\t\t\t\t\t\t\t\t<\/div>\n\t\t\t\t<\/div>\n\t\t\t\t<div class=\"elementor-element elementor-element-48f156c elementor-widget elementor-widget-text-editor\" data-id=\"48f156c\" data-element_type=\"widget\" data-e-type=\"widget\" data-widget_type=\"text-editor.default\">\n\t\t\t\t<div class=\"elementor-widget-container\">\n\t\t\t\t\t\t\t\t\tCiudad Universitaria, Cd. Mx., 16 de junio de 2016\t\t\t\t\t\t\t\t<\/div>\n\t\t\t\t<\/div>\n\t\t\t\t<div class=\"elementor-element elementor-element-58f9585 elementor-widget elementor-widget-text-editor\" data-id=\"58f9585\" data-element_type=\"widget\" data-e-type=\"widget\" data-widget_type=\"text-editor.default\">\n\t\t\t\t<div class=\"elementor-widget-container\">\n\t\t\t\t\t\t\t\t\tEl Rector<br>\nDr. Enrique Luis Graue Wiechers\t\t\t\t\t\t\t\t<\/div>\n\t\t\t\t<\/div>\n\t\t\t\t<div class=\"elementor-element elementor-element-7236509 elementor-widget elementor-widget-text-editor\" data-id=\"7236509\" data-element_type=\"widget\" data-e-type=\"widget\" data-widget_type=\"text-editor.default\">\n\t\t\t\t<div class=\"elementor-widget-container\">\n\t\t\t\t\t\t\t\t\tAcuerdo que Reorganiza el Consejo de Evaluaci\u00f3n Educativa\nde la Universidad Nacional Aut\u00f3noma de M\u00e9xico\t\t\t\t\t\t\t\t<\/div>\n\t\t\t\t<\/div>\n\t\t\t\t\t<\/div>\n\t\t<\/div>\n\t\t\t\t\t<\/div>\n\t\t<\/section>\n\t\t\t\t<\/div>\n\t\t<\/div>","protected":false},"excerpt":{"rendered":"<p>ACUERDO POR EL QUE SE CREA EL CONSEJO DE EVALUACI\u00d3N EDUCATIVA DE LA UNIVERSIDAD NACIONAL AUT\u00d3NOMA DE M\u00c9XICO Dr. Jos\u00e9 Narro Robles, Rector de la Universidad Nacional Aut\u00f3noma de M\u00e9xico, con fundamento en los art\u00edculos 1\u00b0 y 9\u00b0 de la Ley Org\u00e1nica, 34, fracciones IX y X del Estatuto General, Considerando que la Universidad tiene &hellip; <a href=\"https:\/\/www.cee.unam.mx\/index.php\/acuerdo-creaccion\/\" class=\"more-link\">Continuar leyendo<span class=\"screen-reader-text\"> &#8220;acuerdo creaccion&#8221;<\/span><\/a><\/p>\n","protected":false},"author":1,"featured_media":0,"parent":0,"menu_order":0,"comment_status":"closed","ping_status":"closed","template":"","meta":{"footnotes":""},"class_list":["post-2759","page","type-page","status-publish","hentry"],"_links":{"self":[{"href":"https:\/\/www.cee.unam.mx\/index.php\/wp-json\/wp\/v2\/pages\/2759","targetHints":{"allow":["GET"]}}],"collection":[{"href":"https:\/\/www.cee.unam.mx\/index.php\/wp-json\/wp\/v2\/pages"}],"about":[{"href":"https:\/\/www.cee.unam.mx\/index.php\/wp-json\/wp\/v2\/types\/page"}],"author":[{"embeddable":true,"href":"https:\/\/www.cee.unam.mx\/index.php\/wp-json\/wp\/v2\/users\/1"}],"replies":[{"embeddable":true,"href":"https:\/\/www.cee.unam.mx\/index.php\/wp-json\/wp\/v2\/comments?post=2759"}],"version-history":[{"count":16,"href":"https:\/\/www.cee.unam.mx\/index.php\/wp-json\/wp\/v2\/pages\/2759\/revisions"}],"predecessor-version":[{"id":2944,"href":"https:\/\/www.cee.unam.mx\/index.php\/wp-json\/wp\/v2\/pages\/2759\/revisions\/2944"}],"wp:attachment":[{"href":"https:\/\/www.cee.unam.mx\/index.php\/wp-json\/wp\/v2\/media?parent=2759"}],"curies":[{"name":"wp","href":"https:\/\/api.w.org\/{rel}","templated":true}]}}