{"id":461,"date":"2018-02-22T20:21:51","date_gmt":"2018-02-22T20:21:51","guid":{"rendered":"http:\/\/www.cee.unam.mx:81\/cee\/?page_id=461"},"modified":"2025-09-30T00:34:45","modified_gmt":"2025-09-30T00:34:45","slug":"pruebas-objetivas","status":"publish","type":"page","link":"https:\/\/www.cee.unam.mx\/index.php\/pruebas-objetivas\/","title":{"rendered":"PRUEBAS OBJETIVAS"},"content":{"rendered":"<div class=\"wpb-content-wrapper\"><p>[vc_row full_width=&#8221;stretch_row&#8221; content_placement=&#8221;middle&#8221; css=&#8221;.vc_custom_1759192228870{margin-top: 0px !important;border-top-width: 0px !important;padding-top: 0px !important;background-color: #2B8BD8 !important;}&#8221;][vc_column][vc_column_text css=&#8221;.vc_custom_1759192216096{padding-top: 3% !important;padding-bottom: 3% !important;}&#8221;]<\/p>\n<h2 class=\"cbz\" style=\"text-align: center;\"><span style=\"color: #ffffff;\">PRUEBAS OBJETIVAS<\/span><\/h2>\n<p>[\/vc_column_text][\/vc_column][\/vc_row][vc_row][vc_column][vc_tta_tabs style=&#8221;flat&#8221; color=&#8221;sky&#8221; alignment=&#8221;right&#8221; active_section=&#8221;1&#8243;][vc_tta_section title=&#8221;EasyLMS&#8221; tab_id=&#8221;easylms&#8221;][vc_row_inner][vc_column_inner width=&#8221;1\/2&#8243;][vc_single_image image=&#8221;811&#8243; img_size=&#8221;full&#8221; alignment=&#8221;center&#8221; onclick=&#8221;custom_link&#8221; css=&#8221;.vc_custom_1519840387175{padding-top: 20px !important;padding-right: 20px !important;padding-bottom: 20px !important;padding-left: 20px !important;}&#8221; link=&#8221;https:\/\/www.onlineexambuilder.com\/es\/&#8221;][\/vc_column_inner][vc_column_inner width=&#8221;1\/2&#8243;][vc_empty_space height=&#8221;75px&#8221;][vc_column_text css=&#8221;.vc_custom_1759192253497{margin-bottom: 0px !important;}&#8221;]<\/p>\n<h2 class=\"cbz\" style=\"text-align: center;\"><span style=\"color: #ffffff;\">EasyLMS<\/span><\/h2>\n<p>[\/vc_column_text][vc_empty_space][vc_column_text css=&#8221;.vc_custom_1519838507594{margin-bottom: 0px !important;padding-right: 25px !important;padding-left: 25px !important;}&#8221;]Es una plataforma que permite dise\u00f1ar y almacenar todo tipo de ex\u00e1menes, tambi\u00e9n es posible compartirlos y aplicarlos en l\u00ednea.[\/vc_column_text][vc_empty_space][vc_btn title=&#8221;Saber m\u00e1s&#8221; style=&#8221;custom&#8221; custom_background=&#8221;#D31775&#8243; custom_text=&#8221;#ffffff&#8221; shape=&#8221;square&#8221; align=&#8221;center&#8221; css=&#8221;.vc_custom_1759192328401{padding-right: 20px !important;padding-left: 20px !important;}&#8221; button_block=&#8221;true&#8221; link=&#8221;url:https%3A%2F%2Fwww.onlineexambuilder.com%2Fes%2F||target:%20_blank|&#8221;][\/vc_column_inner][\/vc_row_inner][\/vc_tta_section][vc_tta_section title=&#8221;Crear Test&#8221; tab_id=&#8221;treartest&#8221;][vc_row_inner][vc_column_inner width=&#8221;1\/2&#8243;][vc_single_image image=&#8221;809&#8243; img_size=&#8221;full&#8221; alignment=&#8221;center&#8221; onclick=&#8221;custom_link&#8221; css=&#8221;.vc_custom_1519840398779{padding-top: 20px !important;padding-right: 20px !important;padding-bottom: 20px !important;padding-left: 20px !important;}&#8221; link=&#8221;www.creartest.com&#8221;][\/vc_column_inner][vc_column_inner width=&#8221;1\/2&#8243;][vc_empty_space height=&#8221;75px&#8221;][vc_column_text css=&#8221;.vc_custom_1759192352390{margin-bottom: 0px !important;}&#8221;]<\/p>\n<h2 class=\"cbz\" style=\"text-align: center;\"><span style=\"color: #ffffff;\">Crear Test<\/span><\/h2>\n<p>[\/vc_column_text][vc_empty_space][vc_column_text css=&#8221;.vc_custom_1519838811199{margin-bottom: 0px !important;padding-right: 25px !important;padding-left: 25px !important;}&#8221;]Es un sitio web que te permite crear tu propio test on line y puedes compartirlo en Facebook, Moodle, Whatsapp, Twitter, etc.[\/vc_column_text][vc_empty_space][vc_btn title=&#8221;Saber m\u00e1s&#8221; style=&#8221;custom&#8221; custom_background=&#8221;#D31775&#8243; custom_text=&#8221;#ffffff&#8221; shape=&#8221;square&#8221; align=&#8221;center&#8221; css=&#8221;.vc_custom_1759192341418{padding-right: 20px !important;padding-left: 20px !important;}&#8221; button_block=&#8221;true&#8221; link=&#8221;url:http%3A%2F%2Fwww.creartest.com||target:%20_blank|&#8221;][\/vc_column_inner][\/vc_row_inner][\/vc_tta_section][vc_tta_section title=&#8221;QuizStar&#8221; tab_id=&#8221;quizstar&#8221;][vc_row_inner][vc_column_inner width=&#8221;1\/2&#8243;][vc_single_image image=&#8221;808&#8243; img_size=&#8221;full&#8221; alignment=&#8221;center&#8221; onclick=&#8221;custom_link&#8221; css=&#8221;.vc_custom_1519840408707{padding-top: 20px !important;padding-right: 20px !important;padding-bottom: 20px !important;padding-left: 20px !important;}&#8221; link=&#8221;http:\/\/quizstar.4teachers.org\/&#8221;][\/vc_column_inner][vc_column_inner width=&#8221;1\/2&#8243;][vc_empty_space height=&#8221;75px&#8221;][vc_column_text css=&#8221;.vc_custom_1759192362700{margin-bottom: 0px !important;}&#8221;]<\/p>\n<h2 class=\"cbz\" style=\"text-align: center;\"><span style=\"color: #ffffff;\">QuizStar<\/span><\/h2>\n<p>[\/vc_column_text][vc_empty_space][vc_column_text css=&#8221;.vc_custom_1519838904718{margin-bottom: 0px !important;padding-right: 25px !important;padding-left: 25px !important;}&#8221;]Es una herramienta que te permite crear pruebas, administrar claves para ex\u00e1menes, adjuntar archivos multimedia, hacer pruebas en varios idiomas, etc.[\/vc_column_text][vc_empty_space][vc_btn title=&#8221;Saber m\u00e1s&#8221; style=&#8221;custom&#8221; custom_background=&#8221;#D31775&#8243; custom_text=&#8221;#ffffff&#8221; shape=&#8221;square&#8221; align=&#8221;center&#8221; css=&#8221;.vc_custom_1759192370566{padding-right: 20px !important;padding-left: 20px !important;}&#8221; button_block=&#8221;true&#8221; link=&#8221;url:http%3A%2F%2Fquizstar.4teachers.org%2F||target:%20_blank|&#8221;][\/vc_column_inner][\/vc_row_inner][\/vc_tta_section][vc_tta_section title=&#8221;Examprofessor&#8221; tab_id=&#8221;examprofessor&#8221;][vc_row_inner][vc_column_inner width=&#8221;1\/2&#8243;][vc_single_image image=&#8221;810&#8243; img_size=&#8221;full&#8221; alignment=&#8221;center&#8221; onclick=&#8221;custom_link&#8221; css=&#8221;.vc_custom_1519840417235{padding-top: 20px !important;padding-right: 20px !important;padding-bottom: 20px !important;padding-left: 20px !important;}&#8221; link=&#8221;www.examprofessor.com&#8221;][\/vc_column_inner][vc_column_inner width=&#8221;1\/2&#8243;][vc_empty_space height=&#8221;75px&#8221;][vc_column_text css=&#8221;.vc_custom_1759192382072{margin-bottom: 0px !important;}&#8221;]<\/p>\n<h2 class=\"cbz\" style=\"text-align: center;\"><span style=\"color: #ffffff;\">Examprofessor<\/span><\/h2>\n<p>[\/vc_column_text][vc_empty_space][vc_column_text css=&#8221;.vc_custom_1519839058581{margin-bottom: 0px !important;padding-right: 25px !important;padding-left: 25px !important;}&#8221;]Es una sitio web que te permite crear y administrar tus propias pruebas, ejercicios de clase o pr\u00e1cticas de laboratorio.[\/vc_column_text][vc_empty_space][vc_btn title=&#8221;Saber m\u00e1s&#8221; style=&#8221;custom&#8221; custom_background=&#8221;#D31775&#8243; custom_text=&#8221;#ffffff&#8221; shape=&#8221;square&#8221; align=&#8221;center&#8221; css=&#8221;.vc_custom_1759192389512{padding-right: 20px !important;padding-left: 20px !important;}&#8221; button_block=&#8221;true&#8221; link=&#8221;url:http%3A%2F%2Fwww.examprofessor.com||target:%20_blank|&#8221;][\/vc_column_inner][\/vc_row_inner][\/vc_tta_section][vc_tta_section title=&#8221;Questbase&#8221; tab_id=&#8221;questbase&#8221;][vc_row_inner][vc_column_inner width=&#8221;1\/2&#8243;][vc_single_image image=&#8221;807&#8243; img_size=&#8221;full&#8221; alignment=&#8221;center&#8221; onclick=&#8221;custom_link&#8221; css=&#8221;.vc_custom_1519840426067{padding-top: 20px !important;padding-right: 20px !important;padding-bottom: 20px !important;padding-left: 20px !important;}&#8221; link=&#8221;www.questbase.com&#8221;][\/vc_column_inner][vc_column_inner width=&#8221;1\/2&#8243;][vc_empty_space height=&#8221;75px&#8221;][vc_column_text css=&#8221;.vc_custom_1759192400428{margin-bottom: 0px !important;}&#8221;]<\/p>\n<h2 class=\"cbz\" style=\"text-align: center;\"><span style=\"color: #ffffff;\">Questbase<\/span><\/h2>\n<p>[\/vc_column_text][vc_empty_space][vc_column_text css=&#8221;.vc_custom_1519839261367{margin-bottom: 0px !important;padding-right: 25px !important;padding-left: 25px !important;}&#8221;]Es una sitio web en ingl\u00e9s que permite crear ex\u00e1menes en l\u00ednea, quices, tests y permite almacenar reactivos para compartirlos entre los usuarios.[\/vc_column_text][vc_empty_space][vc_btn title=&#8221;Saber m\u00e1s&#8221; style=&#8221;custom&#8221; custom_background=&#8221;#D31775&#8243; custom_text=&#8221;#ffffff&#8221; shape=&#8221;square&#8221; align=&#8221;center&#8221; css=&#8221;.vc_custom_1759192408475{padding-right: 20px !important;padding-left: 20px !important;}&#8221; button_block=&#8221;true&#8221; link=&#8221;url:http%3A%2F%2Fwww.questbase.com||target:%20_blank|&#8221;][\/vc_column_inner][\/vc_row_inner][\/vc_tta_section][\/vc_tta_tabs][\/vc_column][\/vc_row]<\/p>\n<\/div>","protected":false},"excerpt":{"rendered":"<p>[vc_row full_width=&#8221;stretch_row&#8221; content_placement=&#8221;middle&#8221; css=&#8221;.vc_custom_1759192228870{margin-top: 0px !important;border-top-width: 0px !important;padding-top: 0px !important;background-color: #2B8BD8 !important;}&#8221;][vc_column][vc_column_text css=&#8221;.vc_custom_1759192216096{padding-top: 3% !important;padding-bottom: 3% !important;}&#8221;] PRUEBAS OBJETIVAS [\/vc_column_text][\/vc_column][\/vc_row][vc_row][vc_column][vc_tta_tabs style=&#8221;flat&#8221; color=&#8221;sky&#8221; alignment=&#8221;right&#8221; active_section=&#8221;1&#8243;][vc_tta_section title=&#8221;EasyLMS&#8221; tab_id=&#8221;easylms&#8221;][vc_row_inner][vc_column_inner width=&#8221;1\/2&#8243;][vc_single_image image=&#8221;811&#8243; img_size=&#8221;full&#8221; alignment=&#8221;center&#8221; onclick=&#8221;custom_link&#8221; css=&#8221;.vc_custom_1519840387175{padding-top: 20px !important;padding-right: 20px !important;padding-bottom: 20px !important;padding-left: 20px !important;}&#8221; link=&#8221;https:\/\/www.onlineexambuilder.com\/es\/&#8221;][\/vc_column_inner][vc_column_inner width=&#8221;1\/2&#8243;][vc_empty_space height=&#8221;75px&#8221;][vc_column_text css=&#8221;.vc_custom_1759192253497{margin-bottom: 0px !important;}&#8221;] EasyLMS [\/vc_column_text][vc_empty_space][vc_column_text css=&#8221;.vc_custom_1519838507594{margin-bottom: 0px !important;padding-right: 25px !important;padding-left: 25px !important;}&#8221;]Es &hellip; <a href=\"https:\/\/www.cee.unam.mx\/index.php\/pruebas-objetivas\/\" class=\"more-link\">Continuar leyendo<span class=\"screen-reader-text\"> &#8220;PRUEBAS OBJETIVAS&#8221;<\/span><\/a><\/p>\n","protected":false},"author":1,"featured_media":0,"parent":0,"menu_order":0,"comment_status":"closed","ping_status":"closed","template":"","meta":{"footnotes":""},"class_list":["post-461","page","type-page","status-publish","hentry"],"_links":{"self":[{"href":"https:\/\/www.cee.unam.mx\/index.php\/wp-json\/wp\/v2\/pages\/461","targetHints":{"allow":["GET"]}}],"collection":[{"href":"https:\/\/www.cee.unam.mx\/index.php\/wp-json\/wp\/v2\/pages"}],"about":[{"href":"https:\/\/www.cee.unam.mx\/index.php\/wp-json\/wp\/v2\/types\/page"}],"author":[{"embeddable":true,"href":"https:\/\/www.cee.unam.mx\/index.php\/wp-json\/wp\/v2\/users\/1"}],"replies":[{"embeddable":true,"href":"https:\/\/www.cee.unam.mx\/index.php\/wp-json\/wp\/v2\/comments?post=461"}],"version-history":[{"count":11,"href":"https:\/\/www.cee.unam.mx\/index.php\/wp-json\/wp\/v2\/pages\/461\/revisions"}],"predecessor-version":[{"id":2887,"href":"https:\/\/www.cee.unam.mx\/index.php\/wp-json\/wp\/v2\/pages\/461\/revisions\/2887"}],"wp:attachment":[{"href":"https:\/\/www.cee.unam.mx\/index.php\/wp-json\/wp\/v2\/media?parent=461"}],"curies":[{"name":"wp","href":"https:\/\/api.w.org\/{rel}","templated":true}]}}