{"id":463,"date":"2018-02-22T20:22:23","date_gmt":"2018-02-22T20:22:23","guid":{"rendered":"http:\/\/www.cee.unam.mx:81\/cee\/?page_id=463"},"modified":"2025-09-30T00:39:31","modified_gmt":"2025-09-30T00:39:31","slug":"quiz","status":"publish","type":"page","link":"https:\/\/www.cee.unam.mx\/index.php\/quiz\/","title":{"rendered":"QUIZ"},"content":{"rendered":"<div class=\"wpb-content-wrapper\"><p>[vc_row full_width=&#8221;stretch_row&#8221; content_placement=&#8221;middle&#8221; css=&#8221;.vc_custom_1759192228870{margin-top: 0px !important;border-top-width: 0px !important;padding-top: 0px !important;background-color: #2B8BD8 !important;}&#8221;][vc_column][vc_column_text css=&#8221;.vc_custom_1759192534410{padding-top: 3% !important;padding-bottom: 3% !important;}&#8221;]<\/p>\n<h2 class=\"cbz\" style=\"text-align: center;\"><span style=\"color: #ffffff;\">QUIZ<\/span><\/h2>\n<p>[\/vc_column_text][\/vc_column][\/vc_row][vc_row][vc_column][vc_tta_tabs style=&#8221;flat&#8221; color=&#8221;sky&#8221; alignment=&#8221;right&#8221; active_section=&#8221;1&#8243;][vc_tta_section title=&#8221;Google Classroom&#8221; tab_id=&#8221;1519836964306-da273436-fc9a&#8221;][vc_row_inner][vc_column_inner width=&#8221;1\/2&#8243;][vc_single_image image=&#8221;786&#8243; img_size=&#8221;full&#8221; alignment=&#8221;center&#8221; onclick=&#8221;custom_link&#8221; css=&#8221;.vc_custom_1519836922971{padding: 20px !important;}&#8221; link=&#8221;https:\/\/edu.google.com\/intl\/es-419\/products\/productivity-tools\/classroom\/&#8221;][\/vc_column_inner][vc_column_inner width=&#8221;1\/2&#8243;][vc_empty_space height=&#8221;75px&#8221;][vc_column_text css=&#8221;.vc_custom_1759192567055{margin-bottom: 0px !important;}&#8221;]<\/p>\n<h2 class=\"cbz\" style=\"text-align: center;\"><span style=\"color: #669906;\"><span style=\"color: #ffffff;\">Google Classroom<\/span> <\/span><\/h2>\n<p>[\/vc_column_text][vc_empty_space][vc_column_text css=&#8221;.vc_custom_1519836887223{margin-bottom: 0px !important;padding-right: 25px !important;padding-left: 25px !important;}&#8221;]Es un espacio virtual creado por Google, para poder administrar ejercicios, trabajo en clase, tareas, evaluaciones, etc\u00e9tera.[\/vc_column_text][vc_empty_space][vc_btn title=&#8221;Saber m\u00e1s&#8221; style=&#8221;custom&#8221; custom_background=&#8221;#D31775&#8243; custom_text=&#8221;#ffffff&#8221; shape=&#8221;square&#8221; align=&#8221;center&#8221; css=&#8221;.vc_custom_1759192575197{padding-right: 20px !important;padding-left: 20px !important;}&#8221; button_block=&#8221;true&#8221; link=&#8221;url:https%3A%2F%2Fedu.google.com%2Fintl%2Fes-419%2Fproducts%2Fproductivity-tools%2Fclassroom%2F||target:%20_blank|&#8221;][\/vc_column_inner][\/vc_row_inner][\/vc_tta_section][vc_tta_section title=&#8221;MoodleUP&#8221; tab_id=&#8221;moodle&#8221;][vc_row_inner][vc_column_inner width=&#8221;1\/2&#8243;][vc_single_image image=&#8221;787&#8243; img_size=&#8221;full&#8221; alignment=&#8221;center&#8221; onclick=&#8221;custom_link&#8221; css=&#8221;.vc_custom_1519837057333{padding-top: 20px !important;padding-right: 20px !important;padding-bottom: 20px !important;padding-left: 20px !important;}&#8221; link=&#8221;https:\/\/moodle.up.edu.mx\/&#8221;][\/vc_column_inner][vc_column_inner width=&#8221;1\/2&#8243;][vc_empty_space height=&#8221;75px&#8221;][vc_column_text css=&#8221;.vc_custom_1759192586189{margin-bottom: 0px !important;}&#8221;]<\/p>\n<h2 class=\"cbz\" style=\"text-align: center;\"><span style=\"color: #ffffff;\">MoodleUP<\/span><\/h2>\n<p>[\/vc_column_text][vc_empty_space][vc_column_text css=&#8221;.vc_custom_1519837023496{margin-bottom: 0px !important;padding-right: 25px !important;padding-left: 25px !important;}&#8221;]Es una plataforma virtual que permite crear diversos espacios para realizar evaluaciones, administrar ejercicios de clase, tareas, etc\u00e9tera.[\/vc_column_text][vc_empty_space][vc_btn title=&#8221;Saber m\u00e1s&#8221; style=&#8221;custom&#8221; custom_background=&#8221;#D31775&#8243; custom_text=&#8221;#ffffff&#8221; shape=&#8221;square&#8221; align=&#8221;center&#8221; css=&#8221;.vc_custom_1759192597796{padding-right: 20px !important;padding-left: 20px !important;}&#8221; button_block=&#8221;true&#8221; link=&#8221;url:https%3A%2F%2Fmoodle.up.edu.mx%2F||target:%20_blank|&#8221;][\/vc_column_inner][\/vc_row_inner][\/vc_tta_section][vc_tta_section title=&#8221;Pregunta2&#8243; tab_id=&#8221;pregunta&#8221;][vc_row_inner][vc_column_inner width=&#8221;1\/2&#8243;][vc_single_image image=&#8221;784&#8243; img_size=&#8221;full&#8221; alignment=&#8221;center&#8221; onclick=&#8221;custom_link&#8221; css=&#8221;.vc_custom_1519837176984{padding-top: 20px !important;padding-right: 20px !important;padding-bottom: 20px !important;padding-left: 20px !important;}&#8221; link=&#8221;http:\/\/pregunta2.com\/crear\/&#8221;][\/vc_column_inner][vc_column_inner width=&#8221;1\/2&#8243;][vc_empty_space height=&#8221;75px&#8221;][vc_column_text css=&#8221;.vc_custom_1759192611059{margin-bottom: 0px !important;}&#8221;]<\/p>\n<h2 class=\"cbz\" style=\"text-align: center;\"><span style=\"color: #ffffff;\">Pregunta2<\/span><\/h2>\n<p>[\/vc_column_text][vc_empty_space][vc_column_text css=&#8221;.vc_custom_1519837135135{margin-bottom: 0px !important;padding-right: 25px !important;padding-left: 25px !important;}&#8221;]Es un sitio web que te permite crear y almacenar quices y test tanto de personalidad como de conocimiento y aplicarlos en l\u00ednea.[\/vc_column_text][vc_empty_space][vc_btn title=&#8221;Saber m\u00e1s&#8221; style=&#8221;custom&#8221; custom_background=&#8221;#D31775&#8243; custom_text=&#8221;#ffffff&#8221; shape=&#8221;square&#8221; align=&#8221;center&#8221; css=&#8221;.vc_custom_1759192618390{padding-right: 20px !important;padding-left: 20px !important;}&#8221; button_block=&#8221;true&#8221; link=&#8221;url:http%3A%2F%2Fpregunta2.com%2Fcrear%2F||target:%20_blank|&#8221;][\/vc_column_inner][\/vc_row_inner][\/vc_tta_section][vc_tta_section title=&#8221;Socrative&#8221; tab_id=&#8221;socrative&#8221;][vc_row_inner][vc_column_inner width=&#8221;1\/2&#8243;][vc_single_image image=&#8221;783&#8243; img_size=&#8221;full&#8221; alignment=&#8221;center&#8221; onclick=&#8221;custom_link&#8221; css=&#8221;.vc_custom_1519837282939{padding-top: 20px !important;padding-right: 20px !important;padding-bottom: 20px !important;padding-left: 20px !important;}&#8221; link=&#8221;https:\/\/socrative.com\/&#8221;][\/vc_column_inner][vc_column_inner width=&#8221;1\/2&#8243;][vc_empty_space height=&#8221;75px&#8221;][vc_column_text css=&#8221;.vc_custom_1759192631022{margin-bottom: 0px !important;}&#8221;]<\/p>\n<h2 class=\"cbz\" style=\"text-align: center;\"><span style=\"color: #ffffff;\">Socrative<\/span><\/h2>\n<p>[\/vc_column_text][vc_empty_space][vc_column_text css=&#8221;.vc_custom_1519837643079{margin-bottom: 0px !important;padding-right: 25px !important;padding-left: 25px !important;}&#8221;]Es un sitio web que permite crear y almacenar quices, as\u00ed como editarlos y aplicarlos en l\u00ednea, es un sitio en ingl\u00e9s.[\/vc_column_text][vc_empty_space][vc_btn title=&#8221;Saber m\u00e1s&#8221; style=&#8221;custom&#8221; custom_background=&#8221;#D31775&#8243; custom_text=&#8221;#ffffff&#8221; shape=&#8221;square&#8221; align=&#8221;center&#8221; css=&#8221;.vc_custom_1759192638615{padding-right: 20px !important;padding-left: 20px !important;}&#8221; button_block=&#8221;true&#8221; link=&#8221;url:https%3A%2F%2Fsocrative.com%2F||target:%20_blank|&#8221;][\/vc_column_inner][\/vc_row_inner][\/vc_tta_section][vc_tta_section title=&#8221;Quizbean&#8221; tab_id=&#8221;quizbean&#8221;][vc_row_inner][vc_column_inner width=&#8221;1\/2&#8243;][vc_single_image image=&#8221;788&#8243; img_size=&#8221;full&#8221; alignment=&#8221;center&#8221; onclick=&#8221;custom_link&#8221; css=&#8221;.vc_custom_1519837619708{padding-top: 20px !important;padding-right: 20px !important;padding-bottom: 20px !important;padding-left: 20px !important;}&#8221; link=&#8221;https:\/\/quizbean.com\/home&#8221;][\/vc_column_inner][vc_column_inner width=&#8221;1\/2&#8243;][vc_empty_space height=&#8221;75px&#8221;][vc_column_text css=&#8221;.vc_custom_1759192663535{margin-bottom: 0px !important;}&#8221;]<\/p>\n<h2 class=\"cbz\" style=\"text-align: center;\">Quizbean<\/h2>\n<p>[\/vc_column_text][vc_empty_space][vc_column_text css=&#8221;.vc_custom_1519836887223{margin-bottom: 0px !important;padding-right: 25px !important;padding-left: 25px !important;}&#8221;]Es un espacio virtual creado por Google, para poder administrar ejercicios, trabajo en clase, tareas, evaluaciones, etc\u00e9tera.[\/vc_column_text][vc_empty_space][vc_btn title=&#8221;Saber m\u00e1s&#8221; style=&#8221;custom&#8221; custom_background=&#8221;#D31775&#8243; custom_text=&#8221;#ffffff&#8221; shape=&#8221;square&#8221; align=&#8221;center&#8221; css=&#8221;.vc_custom_1759192656404{padding-right: 20px !important;padding-left: 20px !important;}&#8221; button_block=&#8221;true&#8221; link=&#8221;url:https%3A%2F%2Fquizbean.com%2Fhome||target:%20_blank|&#8221;][\/vc_column_inner][\/vc_row_inner][\/vc_tta_section][vc_tta_section title=&#8221;Kuizza&#8221; tab_id=&#8221;kuizza&#8221;][vc_row_inner][vc_column_inner width=&#8221;1\/2&#8243;][vc_single_image image=&#8221;785&#8243; img_size=&#8221;full&#8221; alignment=&#8221;center&#8221; onclick=&#8221;custom_link&#8221; css=&#8221;.vc_custom_1519837829096{padding-top: 20px !important;padding-right: 20px !important;padding-bottom: 20px !important;padding-left: 20px !important;}&#8221; link=&#8221;#&#8221;][\/vc_column_inner][vc_column_inner width=&#8221;1\/2&#8243;][vc_empty_space height=&#8221;75px&#8221;][vc_column_text css=&#8221;.vc_custom_1759192685878{margin-bottom: 0px !important;}&#8221;]<\/p>\n<h2 class=\"cbz\" style=\"text-align: center;\"><span style=\"color: #ffffff;\">Kuizza<\/span><\/h2>\n<p>[\/vc_column_text][vc_empty_space][vc_column_text css=&#8221;.vc_custom_1519837883207{margin-bottom: 0px !important;padding-right: 25px !important;padding-left: 25px !important;}&#8221;]Es una plataforma que permite crear quices y aplicarlos en l\u00ednea, la ventaja que tiene es que cuenta con un bot\u00f3n que genera fichas de estudio para los estudiantes a partir del quiz realizado.[\/vc_column_text][vc_empty_space][vc_btn title=&#8221;Saber m\u00e1s&#8221; style=&#8221;custom&#8221; custom_background=&#8221;#D31775&#8243; custom_text=&#8221;#ffffff&#8221; shape=&#8221;square&#8221; align=&#8221;center&#8221; css=&#8221;.vc_custom_1759192694167{padding-right: 20px !important;padding-left: 20px !important;}&#8221; button_block=&#8221;true&#8221; link=&#8221;url:%23|||&#8221;][\/vc_column_inner][\/vc_row_inner][\/vc_tta_section][\/vc_tta_tabs][\/vc_column][\/vc_row]<\/p>\n<\/div>","protected":false},"excerpt":{"rendered":"<p>[vc_row full_width=&#8221;stretch_row&#8221; content_placement=&#8221;middle&#8221; css=&#8221;.vc_custom_1759192228870{margin-top: 0px !important;border-top-width: 0px !important;padding-top: 0px !important;background-color: #2B8BD8 !important;}&#8221;][vc_column][vc_column_text css=&#8221;.vc_custom_1759192534410{padding-top: 3% !important;padding-bottom: 3% !important;}&#8221;] QUIZ [\/vc_column_text][\/vc_column][\/vc_row][vc_row][vc_column][vc_tta_tabs style=&#8221;flat&#8221; color=&#8221;sky&#8221; alignment=&#8221;right&#8221; active_section=&#8221;1&#8243;][vc_tta_section title=&#8221;Google Classroom&#8221; tab_id=&#8221;1519836964306-da273436-fc9a&#8221;][vc_row_inner][vc_column_inner width=&#8221;1\/2&#8243;][vc_single_image image=&#8221;786&#8243; img_size=&#8221;full&#8221; alignment=&#8221;center&#8221; onclick=&#8221;custom_link&#8221; css=&#8221;.vc_custom_1519836922971{padding: 20px !important;}&#8221; link=&#8221;https:\/\/edu.google.com\/intl\/es-419\/products\/productivity-tools\/classroom\/&#8221;][\/vc_column_inner][vc_column_inner width=&#8221;1\/2&#8243;][vc_empty_space height=&#8221;75px&#8221;][vc_column_text css=&#8221;.vc_custom_1759192567055{margin-bottom: 0px !important;}&#8221;] Google Classroom [\/vc_column_text][vc_empty_space][vc_column_text css=&#8221;.vc_custom_1519836887223{margin-bottom: 0px !important;padding-right: 25px !important;padding-left: 25px !important;}&#8221;]Es un espacio virtual creado por &hellip; <a href=\"https:\/\/www.cee.unam.mx\/index.php\/quiz\/\" class=\"more-link\">Continuar leyendo<span class=\"screen-reader-text\"> &#8220;QUIZ&#8221;<\/span><\/a><\/p>\n","protected":false},"author":1,"featured_media":0,"parent":0,"menu_order":0,"comment_status":"closed","ping_status":"closed","template":"","meta":{"footnotes":""},"class_list":["post-463","page","type-page","status-publish","hentry"],"_links":{"self":[{"href":"https:\/\/www.cee.unam.mx\/index.php\/wp-json\/wp\/v2\/pages\/463","targetHints":{"allow":["GET"]}}],"collection":[{"href":"https:\/\/www.cee.unam.mx\/index.php\/wp-json\/wp\/v2\/pages"}],"about":[{"href":"https:\/\/www.cee.unam.mx\/index.php\/wp-json\/wp\/v2\/types\/page"}],"author":[{"embeddable":true,"href":"https:\/\/www.cee.unam.mx\/index.php\/wp-json\/wp\/v2\/users\/1"}],"replies":[{"embeddable":true,"href":"https:\/\/www.cee.unam.mx\/index.php\/wp-json\/wp\/v2\/comments?post=463"}],"version-history":[{"count":20,"href":"https:\/\/www.cee.unam.mx\/index.php\/wp-json\/wp\/v2\/pages\/463\/revisions"}],"predecessor-version":[{"id":2889,"href":"https:\/\/www.cee.unam.mx\/index.php\/wp-json\/wp\/v2\/pages\/463\/revisions\/2889"}],"wp:attachment":[{"href":"https:\/\/www.cee.unam.mx\/index.php\/wp-json\/wp\/v2\/media?parent=463"}],"curies":[{"name":"wp","href":"https:\/\/api.w.org\/{rel}","templated":true}]}}