{"id":815,"date":"2018-02-28T18:47:39","date_gmt":"2018-02-28T18:47:39","guid":{"rendered":"http:\/\/www.cee.unam.mx:81\/cee\/?page_id=815"},"modified":"2025-09-30T00:45:51","modified_gmt":"2025-09-30T00:45:51","slug":"rubrica","status":"publish","type":"page","link":"https:\/\/www.cee.unam.mx\/index.php\/rubrica\/","title":{"rendered":"R\u00daBRICA"},"content":{"rendered":"<div class=\"wpb-content-wrapper\"><p>[vc_row full_width=&#8221;stretch_row&#8221; content_placement=&#8221;middle&#8221; css=&#8221;.vc_custom_1759192228870{margin-top: 0px !important;border-top-width: 0px !important;padding-top: 0px !important;background-color: #2B8BD8 !important;}&#8221;][vc_column][vc_column_text css=&#8221;.vc_custom_1759192759932{padding-top: 3% !important;padding-bottom: 3% !important;}&#8221;]<\/p>\n<h2 class=\"cbz\" style=\"text-align: center;\"><span style=\"color: #ffffff;\">R\u00daBRICA<\/span><\/h2>\n<p>[\/vc_column_text][\/vc_column][\/vc_row][vc_row][vc_column][vc_tta_tabs style=&#8221;flat&#8221; color=&#8221;sky&#8221; alignment=&#8221;right&#8221; active_section=&#8221;1&#8243; el_id=&#8221;tabgrand&#8221; el_class=&#8221;tab_grand&#8221;][vc_tta_section title=&#8221;Quick Rubric&#8221; tab_id=&#8221;quickrubric&#8221;][vc_row_inner][vc_column_inner width=&#8221;1\/2&#8243;][vc_single_image image=&#8221;833&#8243; img_size=&#8221;full&#8221; alignment=&#8221;center&#8221; onclick=&#8221;custom_link&#8221; css=&#8221;.vc_custom_1519845122429{padding-top: 20px !important;padding-right: 20px !important;padding-bottom: 20px !important;padding-left: 20px !important;}&#8221; link=&#8221;https:\/\/www.quickrubric.com\/&#8221;][\/vc_column_inner][vc_column_inner width=&#8221;1\/2&#8243;][vc_empty_space height=&#8221;75px&#8221;][vc_column_text css=&#8221;.vc_custom_1759192786887{margin-bottom: 0px !important;}&#8221;]<\/p>\n<h2 class=\"cbz\" style=\"text-align: center;\"><span style=\"color: #ffffff;\">Quick Rubric<\/span><\/h2>\n<p>[\/vc_column_text][vc_empty_space][vc_column_text css=&#8221;.vc_custom_1519840822003{margin-bottom: 0px !important;padding-right: 25px !important;padding-left: 25px !important;}&#8221;]Es una plataforma que le permite dise\u00f1ar sus propias r\u00fabricas brind\u00e1ndole tips para realizarlas de una mejor manera.[\/vc_column_text][vc_empty_space][vc_btn title=&#8221;Saber m\u00e1s&#8221; style=&#8221;custom&#8221; custom_background=&#8221;#D31775&#8243; custom_text=&#8221;#ffffff&#8221; shape=&#8221;square&#8221; align=&#8221;center&#8221; css=&#8221;.vc_custom_1759192799832{padding-right: 20px !important;padding-left: 20px !important;}&#8221; button_block=&#8221;true&#8221; link=&#8221;url:https%3A%2F%2Fwww.quickrubric.com%2F||target:%20_blank|&#8221;][\/vc_column_inner][\/vc_row_inner][\/vc_tta_section][vc_tta_section title=&#8221;CoRubric&#8221; tab_id=&#8221;corubric&#8221;][vc_row_inner][vc_column_inner width=&#8221;1\/2&#8243;][vc_single_image image=&#8221;841&#8243; img_size=&#8221;full&#8221; alignment=&#8221;center&#8221; onclick=&#8221;custom_link&#8221; css=&#8221;.vc_custom_1519845357851{padding-top: 20px !important;padding-right: 20px !important;padding-bottom: 20px !important;padding-left: 20px !important;}&#8221; link=&#8221;https:\/\/corubric.com\/&#8221;][\/vc_column_inner][vc_column_inner width=&#8221;1\/2&#8243;][vc_empty_space height=&#8221;75px&#8221;][vc_column_text css=&#8221;.vc_custom_1759192815062{margin-bottom: 0px !important;}&#8221;]<\/p>\n<h2 class=\"cbz\" style=\"text-align: center;\"><span style=\"color: #ffffff;\">CoRubric<\/span><\/h2>\n<p>[\/vc_column_text][vc_empty_space][vc_column_text css=&#8221;.vc_custom_1519841489211{margin-bottom: 0px !important;padding-right: 25px !important;padding-left: 25px !important;}&#8221;]Es una herramienta gratuita que permite hacer r\u00fabricas colaborativas, adem\u00e1s de poder dise\u00f1ar su propia r\u00fabrica o copiar el estilo de las distintas r\u00fabricas que hay en la p\u00e1gina para adecuarlo a sus necesidades.[\/vc_column_text][vc_empty_space][vc_btn title=&#8221;Saber m\u00e1s&#8221; style=&#8221;custom&#8221; custom_background=&#8221;#D31775&#8243; custom_text=&#8221;#ffffff&#8221; shape=&#8221;square&#8221; align=&#8221;center&#8221; css=&#8221;.vc_custom_1759192823321{padding-right: 20px !important;padding-left: 20px !important;}&#8221; button_block=&#8221;true&#8221; link=&#8221;url:https%3A%2F%2Fcorubric.com%2F||target:%20_blank|&#8221;][\/vc_column_inner][\/vc_row_inner][\/vc_tta_section][vc_tta_section title=&#8221;Erubrica&#8221; tab_id=&#8221;erubrica&#8221;][vc_row_inner][vc_column_inner width=&#8221;1\/2&#8243;][vc_single_image image=&#8221;842&#8243; img_size=&#8221;full&#8221; alignment=&#8221;center&#8221; onclick=&#8221;custom_link&#8221; css=&#8221;.vc_custom_1519845459718{padding-top: 20px !important;padding-right: 20px !important;padding-bottom: 20px !important;padding-left: 20px !important;}&#8221; link=&#8221;http:\/\/www.erubrica.com\/&#8221;][\/vc_column_inner][vc_column_inner width=&#8221;1\/2&#8243;][vc_empty_space height=&#8221;75px&#8221;][vc_column_text css=&#8221;.vc_custom_1759192832572{margin-bottom: 0px !important;}&#8221;]<\/p>\n<h2 class=\"cbz\" style=\"text-align: center;\"><span style=\"color: #ffffff;\">Erubrica<\/span><\/h2>\n<p>[\/vc_column_text][vc_empty_space][vc_column_text css=&#8221;.vc_custom_1519842135273{margin-bottom: 0px !important;padding-right: 25px !important;padding-left: 25px !important;}&#8221;]Es un software gratuito para cualquier docente en Latinoam\u00e9rica, contiene varias r\u00fabricas listas para descargar o para evaluar en l\u00ednea, adem\u00e1s puede generar su propia lista de estudiantes.[\/vc_column_text][vc_empty_space][vc_btn title=&#8221;Saber m\u00e1s&#8221; style=&#8221;custom&#8221; custom_background=&#8221;#D31775&#8243; custom_text=&#8221;#ffffff&#8221; shape=&#8221;square&#8221; align=&#8221;center&#8221; css=&#8221;.vc_custom_1759192841900{padding-right: 20px !important;padding-left: 20px !important;}&#8221; button_block=&#8221;true&#8221; link=&#8221;url:http%3A%2F%2Fwww.erubrica.com%2F||target:%20_blank|&#8221;][\/vc_column_inner][\/vc_row_inner][\/vc_tta_section][vc_tta_section title=&#8221;Rcampus&#8221; tab_id=&#8221;rcampus&#8221;][vc_row_inner][vc_column_inner width=&#8221;1\/2&#8243;][vc_single_image image=&#8221;832&#8243; img_size=&#8221;full&#8221; alignment=&#8221;center&#8221; onclick=&#8221;custom_link&#8221; css=&#8221;.vc_custom_1519845501453{padding-top: 20px !important;padding-right: 20px !important;padding-bottom: 20px !important;padding-left: 20px !important;}&#8221; link=&#8221;http:\/\/www.rcampus.com\/&#8221;][\/vc_column_inner][vc_column_inner width=&#8221;1\/2&#8243;][vc_empty_space height=&#8221;75px&#8221;][vc_column_text css=&#8221;.vc_custom_1759192853096{margin-bottom: 0px !important;}&#8221;]<\/p>\n<h2 class=\"cbz\" style=\"text-align: center;\"><span style=\"color: #ffffff;\">Rcampus<\/span><\/h2>\n<p>[\/vc_column_text][vc_empty_space][vc_column_text css=&#8221;.vc_custom_1519842312194{margin-bottom: 0px !important;padding-right: 25px !important;padding-left: 25px !important;}&#8221;]En este programa se pueden dise\u00f1ar rubricas de forma gratuita, adem\u00e1s se pueden copiar otras que algunos usuarios dise\u00f1an de forma p\u00fablica. Ofrece temas desde el nivel b\u00e1sico hasta posgrado, adem\u00e1s se pueden categorizar por materias y tipos.[\/vc_column_text][vc_empty_space][vc_btn title=&#8221;Saber m\u00e1s&#8221; style=&#8221;custom&#8221; custom_background=&#8221;#D31775&#8243; custom_text=&#8221;#ffffff&#8221; shape=&#8221;square&#8221; align=&#8221;center&#8221; css=&#8221;.vc_custom_1759192860627{padding-right: 20px !important;padding-left: 20px !important;}&#8221; button_block=&#8221;true&#8221; link=&#8221;url:http%3A%2F%2Fwww.rcampus.com%2F||target:%20_blank|&#8221;][\/vc_column_inner][\/vc_row_inner][\/vc_tta_section][vc_tta_section title=&#8221;Rubistar&#8221; tab_id=&#8221;rubistar&#8221;][vc_row_inner][vc_column_inner width=&#8221;1\/2&#8243;][vc_single_image image=&#8221;834&#8243; img_size=&#8221;full&#8221; alignment=&#8221;center&#8221; onclick=&#8221;custom_link&#8221; css=&#8221;.vc_custom_1519845509891{padding-top: 20px !important;padding-right: 20px !important;padding-bottom: 20px !important;padding-left: 20px !important;}&#8221; link=&#8221;http:\/\/rubistar.4teachers.org\/index.php&#8221;][\/vc_column_inner][vc_column_inner width=&#8221;1\/2&#8243;][vc_empty_space height=&#8221;75px&#8221;][vc_column_text css=&#8221;.vc_custom_1759192897260{margin-bottom: 0px !important;}&#8221;]<\/p>\n<h2 style=\"text-align: center;\"><span style=\"color: #ffffff;\">Rubistar<\/span><\/h2>\n<p>[\/vc_column_text][vc_empty_space][vc_column_text css=&#8221;.vc_custom_1519842399911{margin-bottom: 0px !important;padding-right: 25px !important;padding-left: 25px !important;}&#8221;]Es un programa gratuito para poder dise\u00f1ar r\u00fabricas con base en diversos temas y subtemas a elegir como por ejemplo proyectos orales, productos, multimedia, ciencia, escritura de la investigaci\u00f3n, habilidades de trabajo, matem\u00e1ticas, m\u00fasica y lectura.[\/vc_column_text][vc_empty_space][vc_btn title=&#8221;Saber m\u00e1s&#8221; style=&#8221;custom&#8221; custom_background=&#8221;#D31775&#8243; custom_text=&#8221;#ffffff&#8221; shape=&#8221;square&#8221; align=&#8221;center&#8221; css=&#8221;.vc_custom_1759192905532{padding-right: 20px !important;padding-left: 20px !important;}&#8221; button_block=&#8221;true&#8221; link=&#8221;url:http%3A%2F%2Frubistar.4teachers.org%2Findex.php||target:%20_blank|&#8221;][\/vc_column_inner][\/vc_row_inner][\/vc_tta_section][vc_tta_section title=&#8221;RubricMaker&#8221; tab_id=&#8221;rubricmaker&#8221;][vc_row_inner][vc_column_inner width=&#8221;1\/2&#8243;][vc_single_image image=&#8221;840&#8243; img_size=&#8221;full&#8221; alignment=&#8221;center&#8221; onclick=&#8221;custom_link&#8221; css=&#8221;.vc_custom_1519845521804{padding-top: 20px !important;padding-right: 20px !important;padding-bottom: 20px !important;padding-left: 20px !important;}&#8221; link=&#8221;http:\/\/rubric-maker.com\/&#8221;][\/vc_column_inner][vc_column_inner width=&#8221;1\/2&#8243;][vc_empty_space height=&#8221;75px&#8221;][vc_column_text css=&#8221;.vc_custom_1759192917413{margin-bottom: 0px !important;}&#8221;]<\/p>\n<h2 class=\"cbz\" style=\"text-align: center;\"><span style=\"color: #ffffff;\">RubricMaker<\/span><\/h2>\n<p>[\/vc_column_text][vc_empty_space][vc_column_text css=&#8221;.vc_custom_1519842687474{margin-bottom: 0px !important;padding-right: 25px !important;padding-left: 25px !important;}&#8221;]Es una p\u00e1gina web dise\u00f1ada para crear r\u00fabricas para distintos niveles educativos, incluye ejemplos para su elaboraci\u00f3n.[\/vc_column_text][vc_empty_space][vc_btn title=&#8221;Saber m\u00e1s&#8221; style=&#8221;custom&#8221; custom_background=&#8221;#D31775&#8243; custom_text=&#8221;#ffffff&#8221; shape=&#8221;square&#8221; align=&#8221;center&#8221; css=&#8221;.vc_custom_1759192925356{padding-right: 20px !important;padding-left: 20px !important;}&#8221; button_block=&#8221;true&#8221; link=&#8221;url:http%3A%2F%2Frubric-maker.com%2F||target:%20_blank|&#8221;][\/vc_column_inner][\/vc_row_inner][\/vc_tta_section][vc_tta_section title=&#8221;TeAchnology&#8221; tab_id=&#8221;teachnology&#8221;][vc_row_inner][vc_column_inner width=&#8221;1\/2&#8243;][vc_single_image image=&#8221;837&#8243; img_size=&#8221;full&#8221; alignment=&#8221;center&#8221; onclick=&#8221;custom_link&#8221; css=&#8221;.vc_custom_1519845534892{padding-top: 20px !important;padding-right: 20px !important;padding-bottom: 20px !important;padding-left: 20px !important;}&#8221; link=&#8221;http:\/\/www.teach-nology.com\/web_tools\/rubrics\/&#8221;][\/vc_column_inner][vc_column_inner width=&#8221;1\/2&#8243;][vc_empty_space height=&#8221;75px&#8221;][vc_column_text css=&#8221;.vc_custom_1759192946252{margin-bottom: 0px !important;}&#8221;]<\/p>\n<h2 class=\"cbz\" style=\"text-align: center;\"><span style=\"color: #ffffff;\">TeAchnology<\/span><\/h2>\n<p>[\/vc_column_text][vc_empty_space][vc_column_text css=&#8221;.vc_custom_1519842828921{margin-bottom: 0px !important;padding-right: 25px !important;padding-left: 25px !important;}&#8221;]Se pueden encontrar diversas r\u00fabricas que en su mayor\u00eda son gratuitas y se pueden generar con base en una plantilla precargada y su elaboraci\u00f3n es amigable para el usuario, ofrece diversos temas.[\/vc_column_text][vc_empty_space][vc_btn title=&#8221;Saber m\u00e1s&#8221; style=&#8221;custom&#8221; custom_background=&#8221;#D31775&#8243; custom_text=&#8221;#ffffff&#8221; shape=&#8221;square&#8221; align=&#8221;center&#8221; css=&#8221;.vc_custom_1759192955385{padding-right: 20px !important;padding-left: 20px !important;}&#8221; button_block=&#8221;true&#8221; link=&#8221;url:http%3A%2F%2Fwww.teach-nology.com%2Fweb_tools%2Frubrics%2F||target:%20_blank|&#8221;][\/vc_column_inner][\/vc_row_inner][\/vc_tta_section][vc_tta_section title=&#8221;ForAllRubrics&#8221; tab_id=&#8221;forallrubrics&#8221;][vc_row_inner][vc_column_inner width=&#8221;1\/2&#8243;][vc_single_image image=&#8221;836&#8243; img_size=&#8221;full&#8221; alignment=&#8221;center&#8221; onclick=&#8221;custom_link&#8221; css=&#8221;.vc_custom_1519845556860{padding-top: 20px !important;padding-right: 20px !important;padding-bottom: 20px !important;padding-left: 20px !important;}&#8221; link=&#8221;https:\/\/www.forallrubrics.com\/&#8221;][\/vc_column_inner][vc_column_inner width=&#8221;1\/2&#8243;][vc_empty_space height=&#8221;75px&#8221;][vc_column_text css=&#8221;.vc_custom_1759192967788{margin-bottom: 0px !important;}&#8221;]<\/p>\n<h2 class=\"cbz\" style=\"text-align: center;\">ForAllRubrics<\/h2>\n<p>[\/vc_column_text][vc_empty_space][vc_column_text css=&#8221;.vc_custom_1519843126988{margin-bottom: 0px !important;padding-right: 25px !important;padding-left: 25px !important;}&#8221;]Esta aplicaci\u00f3n le permite dise\u00f1ar de forma gratuita su propia r\u00fabrica ya sea de manera b\u00e1sica o avanzada.[\/vc_column_text][vc_empty_space][vc_btn title=&#8221;Saber m\u00e1s&#8221; style=&#8221;custom&#8221; custom_background=&#8221;#D31775&#8243; custom_text=&#8221;#ffffff&#8221; shape=&#8221;square&#8221; align=&#8221;center&#8221; css=&#8221;.vc_custom_1759192976187{padding-right: 20px !important;padding-left: 20px !important;}&#8221; button_block=&#8221;true&#8221; link=&#8221;url:https%3A%2F%2Fwww.forallrubrics.com%2F||target:%20_blank|&#8221;][\/vc_column_inner][\/vc_row_inner][\/vc_tta_section][vc_tta_section title=&#8221;Roobrix&#8221; tab_id=&#8221;roobrix&#8221;][vc_row_inner][vc_column_inner width=&#8221;1\/2&#8243;][vc_single_image image=&#8221;838&#8243; img_size=&#8221;full&#8221; alignment=&#8221;center&#8221; onclick=&#8221;custom_link&#8221; css=&#8221;.vc_custom_1519845566861{padding-top: 20px !important;padding-right: 20px !important;padding-bottom: 20px !important;padding-left: 20px !important;}&#8221; link=&#8221;http:\/\/roobrix.com\/&#8221;][\/vc_column_inner][vc_column_inner width=&#8221;1\/2&#8243;][vc_empty_space height=&#8221;75px&#8221;][vc_column_text css=&#8221;.vc_custom_1759192993916{margin-bottom: 0px !important;}&#8221;]<\/p>\n<h2 class=\"cbz\" style=\"text-align: center;\">Roobrix<\/h2>\n<p>[\/vc_column_text][vc_empty_space][vc_column_text css=&#8221;.vc_custom_1519843344697{margin-bottom: 0px !important;padding-right: 25px !important;padding-left: 25px !important;}&#8221;]Es una herramienta que ayuda a los educadores a evitar errores al calificar las r\u00fabricas y aprender m\u00e1s sobre c\u00f3mo los profesores est\u00e1n cometiendo simples errores que tienen un impacto negativo en los resultados de la evaluaci\u00f3n.[\/vc_column_text][vc_empty_space][vc_btn title=&#8221;Saber m\u00e1s&#8221; style=&#8221;custom&#8221; custom_background=&#8221;#D31775&#8243; custom_text=&#8221;#ffffff&#8221; shape=&#8221;square&#8221; align=&#8221;center&#8221; css=&#8221;.vc_custom_1759193002245{padding-right: 20px !important;padding-left: 20px !important;}&#8221; button_block=&#8221;true&#8221; link=&#8221;url:http%3A%2F%2Froobrix.com%2F||target:%20_blank|&#8221;][\/vc_column_inner][\/vc_row_inner][\/vc_tta_section][vc_tta_section title=&#8221;Rubric4Teachers&#8221; tab_id=&#8221;rubric4teachers&#8221;][vc_row_inner][vc_column_inner width=&#8221;1\/2&#8243;][vc_single_image image=&#8221;835&#8243; img_size=&#8221;full&#8221; alignment=&#8221;center&#8221; onclick=&#8221;custom_link&#8221; css=&#8221;.vc_custom_1519845596621{padding-top: 20px !important;padding-right: 20px !important;padding-bottom: 20px !important;padding-left: 20px !important;}&#8221; link=&#8221;http:\/\/www.teacherplanet.com\/rubrics-for-teachers&#8221;][\/vc_column_inner][vc_column_inner width=&#8221;1\/2&#8243;][vc_empty_space height=&#8221;75px&#8221;][vc_column_text css=&#8221;.vc_custom_1759193017795{margin-bottom: 0px !important;}&#8221;]<\/p>\n<h2 class=\"cbz\" style=\"text-align: center;\"><span style=\"color: #ffffff;\">Rubric4Teachers<\/span><\/h2>\n<p>[\/vc_column_text][vc_empty_space][vc_column_text css=&#8221;.vc_custom_1519843558922{margin-bottom: 0px !important;padding-right: 25px !important;padding-left: 25px !important;}&#8221;]En esta p\u00e1gina se presentan diferentes ejemplos de r\u00fabricas por tema, por plazo y herramientas para las r\u00fabricas.[\/vc_column_text][vc_empty_space][vc_btn title=&#8221;Saber m\u00e1s&#8221; style=&#8221;custom&#8221; custom_background=&#8221;#D31775&#8243; custom_text=&#8221;#ffffff&#8221; shape=&#8221;square&#8221; align=&#8221;center&#8221; css=&#8221;.vc_custom_1759193025649{padding-right: 20px !important;padding-left: 20px !important;}&#8221; button_block=&#8221;true&#8221; link=&#8221;url:http%3A%2F%2Fwww.teacherplanet.com%2Frubrics-for-teachers||target:%20_blank|&#8221;][\/vc_column_inner][\/vc_row_inner][\/vc_tta_section][vc_tta_section title=&#8221;Rubric Builder&#8221; tab_id=&#8221;rubricbuilder&#8221;][vc_row_inner][vc_column_inner width=&#8221;1\/2&#8243;][vc_single_image image=&#8221;844&#8243; img_size=&#8221;full&#8221; alignment=&#8221;center&#8221; onclick=&#8221;custom_link&#8221; css=&#8221;.vc_custom_1519845636673{padding-top: 20px !important;padding-right: 20px !important;padding-bottom: 20px !important;padding-left: 20px !important;}&#8221; link=&#8221;http:\/\/www.rubricbuilder.com\/&#8221;][\/vc_column_inner][vc_column_inner width=&#8221;1\/2&#8243;][vc_empty_space height=&#8221;75px&#8221;][vc_column_text css=&#8221;.vc_custom_1759193039756{margin-bottom: 0px !important;}&#8221;]<\/p>\n<h2 class=\"cbz\" style=\"text-align: center;\"><span style=\"color: #ffffff;\">Rubric Builder<\/span><\/h2>\n<p>[\/vc_column_text][vc_empty_space][vc_column_text css=&#8221;.vc_custom_1519844059023{margin-bottom: 0px !important;padding-right: 25px !important;padding-left: 25px !important;}&#8221;]Es un software para crear r\u00fabricas en las que se pueden ver las impresiones de muestra. Se pude probar antes de comprarlo, la herramienta tiene un costo de licencia.[\/vc_column_text][vc_empty_space][vc_btn title=&#8221;Saber m\u00e1s&#8221; style=&#8221;custom&#8221; custom_background=&#8221;#D31775&#8243; custom_text=&#8221;#ffffff&#8221; shape=&#8221;square&#8221; align=&#8221;center&#8221; css=&#8221;.vc_custom_1759193048082{padding-right: 20px !important;padding-left: 20px !important;}&#8221; button_block=&#8221;true&#8221; link=&#8221;url:http%3A%2F%2Fwww.rubricbuilder.com%2F||target:%20_blank|&#8221;][\/vc_column_inner][\/vc_row_inner][\/vc_tta_section][vc_tta_section title=&#8221;Rubrician&#8221; tab_id=&#8221;rubrician&#8221;][vc_row_inner][vc_column_inner width=&#8221;1\/2&#8243;][vc_single_image image=&#8221;839&#8243; img_size=&#8221;full&#8221; alignment=&#8221;center&#8221; onclick=&#8221;custom_link&#8221; css=&#8221;.vc_custom_1519845648308{padding-top: 20px !important;padding-right: 20px !important;padding-bottom: 20px !important;padding-left: 20px !important;}&#8221; link=&#8221;http:\/\/www.rubrician.com\/&#8221;][\/vc_column_inner][vc_column_inner width=&#8221;1\/2&#8243;][vc_empty_space height=&#8221;75px&#8221;][vc_column_text css=&#8221;.vc_custom_1759193059996{margin-bottom: 0px !important;}&#8221;]<\/p>\n<h2 class=\"cbz\" style=\"text-align: center;\"><span style=\"color: #ffffff;\">Rubrician<\/span><\/h2>\n<p>[\/vc_column_text][vc_empty_space][vc_column_text css=&#8221;.vc_custom_1519844206937{margin-bottom: 0px !important;padding-right: 25px !important;padding-left: 25px !important;}&#8221;]Este sitio est\u00e1 dise\u00f1ado para educadores, maestros, padres, estudiantes y evaluadores; se encuentra clasificado por diversos temas como: r\u00fabricas generales, de arte del lenguaje, matem\u00e1ticas, artes esc\u00e9nicas, de educaci\u00f3n f\u00edsica, de estudios sociales, de tecnolog\u00eda, cient\u00edficas y de escritura.[\/vc_column_text][vc_empty_space][vc_btn title=&#8221;Saber m\u00e1s&#8221; style=&#8221;custom&#8221; custom_background=&#8221;#D31775&#8243; custom_text=&#8221;#ffffff&#8221; shape=&#8221;square&#8221; align=&#8221;center&#8221; css=&#8221;.vc_custom_1759193071216{padding-right: 20px !important;padding-left: 20px !important;}&#8221; button_block=&#8221;true&#8221; link=&#8221;url:http%3A%2F%2Fwww.rubrician.com%2F||target:%20_blank|&#8221;][\/vc_column_inner][\/vc_row_inner][\/vc_tta_section][\/vc_tta_tabs][\/vc_column][\/vc_row]<\/p>\n<\/div>","protected":false},"excerpt":{"rendered":"<p>[vc_row full_width=&#8221;stretch_row&#8221; content_placement=&#8221;middle&#8221; css=&#8221;.vc_custom_1759192228870{margin-top: 0px !important;border-top-width: 0px !important;padding-top: 0px !important;background-color: #2B8BD8 !important;}&#8221;][vc_column][vc_column_text css=&#8221;.vc_custom_1759192759932{padding-top: 3% !important;padding-bottom: 3% !important;}&#8221;] R\u00daBRICA [\/vc_column_text][\/vc_column][\/vc_row][vc_row][vc_column][vc_tta_tabs style=&#8221;flat&#8221; color=&#8221;sky&#8221; alignment=&#8221;right&#8221; active_section=&#8221;1&#8243; el_id=&#8221;tabgrand&#8221; el_class=&#8221;tab_grand&#8221;][vc_tta_section title=&#8221;Quick Rubric&#8221; tab_id=&#8221;quickrubric&#8221;][vc_row_inner][vc_column_inner width=&#8221;1\/2&#8243;][vc_single_image image=&#8221;833&#8243; img_size=&#8221;full&#8221; alignment=&#8221;center&#8221; onclick=&#8221;custom_link&#8221; css=&#8221;.vc_custom_1519845122429{padding-top: 20px !important;padding-right: 20px !important;padding-bottom: 20px !important;padding-left: 20px !important;}&#8221; link=&#8221;https:\/\/www.quickrubric.com\/&#8221;][\/vc_column_inner][vc_column_inner width=&#8221;1\/2&#8243;][vc_empty_space height=&#8221;75px&#8221;][vc_column_text css=&#8221;.vc_custom_1759192786887{margin-bottom: 0px !important;}&#8221;] Quick Rubric [\/vc_column_text][vc_empty_space][vc_column_text css=&#8221;.vc_custom_1519840822003{margin-bottom: 0px !important;padding-right: 25px &hellip; <a href=\"https:\/\/www.cee.unam.mx\/index.php\/rubrica\/\" class=\"more-link\">Continuar leyendo<span class=\"screen-reader-text\"> &#8220;R\u00daBRICA&#8221;<\/span><\/a><\/p>\n","protected":false},"author":1,"featured_media":0,"parent":0,"menu_order":0,"comment_status":"closed","ping_status":"closed","template":"","meta":{"footnotes":""},"class_list":["post-815","page","type-page","status-publish","hentry"],"_links":{"self":[{"href":"https:\/\/www.cee.unam.mx\/index.php\/wp-json\/wp\/v2\/pages\/815","targetHints":{"allow":["GET"]}}],"collection":[{"href":"https:\/\/www.cee.unam.mx\/index.php\/wp-json\/wp\/v2\/pages"}],"about":[{"href":"https:\/\/www.cee.unam.mx\/index.php\/wp-json\/wp\/v2\/types\/page"}],"author":[{"embeddable":true,"href":"https:\/\/www.cee.unam.mx\/index.php\/wp-json\/wp\/v2\/users\/1"}],"replies":[{"embeddable":true,"href":"https:\/\/www.cee.unam.mx\/index.php\/wp-json\/wp\/v2\/comments?post=815"}],"version-history":[{"count":21,"href":"https:\/\/www.cee.unam.mx\/index.php\/wp-json\/wp\/v2\/pages\/815\/revisions"}],"predecessor-version":[{"id":2891,"href":"https:\/\/www.cee.unam.mx\/index.php\/wp-json\/wp\/v2\/pages\/815\/revisions\/2891"}],"wp:attachment":[{"href":"https:\/\/www.cee.unam.mx\/index.php\/wp-json\/wp\/v2\/media?parent=815"}],"curies":[{"name":"wp","href":"https:\/\/api.w.org\/{rel}","templated":true}]}}